{"id":11412,"date":"2025-11-13T15:15:24","date_gmt":"2025-11-13T20:15:24","guid":{"rendered":"https:\/\/luckyhat.com\/content-integrity-editorial-standards\/"},"modified":"2026-04-15T09:16:37","modified_gmt":"2026-04-15T14:16:37","slug":"content-integrity","status":"publish","type":"page","link":"https:\/\/luckyhat.com\/pt-pt\/content-integrity\/","title":{"rendered":"Integridade de Conte\u00fado e Padr\u00f5es Editoriais"},"content":{"rendered":"\n<p>Na LuckyHat.com, estamos comprometidos em produzir conte\u00fado honesto, transparente e independente, no qual os jogadores possam confiar. Seja uma an\u00e1lise de casino, um guia de estrat\u00e9gia ou uma an\u00e1lise do setor, tudo o que publicamos segue rigorosos padr\u00f5es de integridade e qualidade. Estas diretrizes garantem que o nosso trabalho permanece fi\u00e1vel, imparcial e verdadeiramente \u00fatil.<\/p>\n\n\n\n<hr class=\"wp-block-separator has-alpha-channel-opacity\"\/>\n\n\n<h2 class=\"wp-block-heading\" id=\"1-precisao-e-fiabilidade\"><strong>1. Precis\u00e3o e Fiabilidade<\/strong><\/h2>\n\n\n<p><strong>Investiga\u00e7\u00e3o aprofundada:<\/strong><br>Os nossos redatores e editores baseiam cada conte\u00fado em informa\u00e7\u00e3o verificada, fontes reputadas, testes pr\u00e1ticos e experi\u00eancia real com as plataformas.<\/p>\n\n\n\n<p><strong>Informa\u00e7\u00e3o atualizada:<\/strong><br>A ind\u00fastria dos casinos evolui rapidamente. Revemos regularmente as nossas p\u00e1ginas para refletir altera\u00e7\u00f5es em b\u00f3nus, m\u00e9todos de pagamento, cat\u00e1logos de jogos, licen\u00e7as e outros detalhes importantes.<\/p>\n\n\n\n<hr class=\"wp-block-separator has-alpha-channel-opacity\"\/>\n\n\n<h3 class=\"wp-block-heading\" id=\"2-independencia-e-avaliacao-justa\"><strong>2. Independ\u00eancia e Avalia\u00e7\u00e3o Justa<\/strong><\/h3>\n\n\n<p><strong>An\u00e1lises honestas:<\/strong><br>Cada casino \u00e9 avaliado de forma objetiva, utilizando processos consistentes. Destacamos tanto os pontos fortes como as fraquezas com o mesmo n\u00edvel de transpar\u00eancia.<\/p>\n\n\n\n<p><strong>Sem manipula\u00e7\u00e3o de classifica\u00e7\u00f5es:<\/strong><br>Os operadores n\u00e3o podem influenciar as nossas pontua\u00e7\u00f5es, classifica\u00e7\u00f5es ou decis\u00f5es editoriais. N\u00e3o aceitamos pagamentos, incentivos ou pedidos para alterar os resultados de uma an\u00e1lise. A nossa equipa editorial \u00e9 a \u00fanica respons\u00e1vel pela avalia\u00e7\u00e3o dos casinos.<\/p>\n\n\n\n<hr class=\"wp-block-separator has-alpha-channel-opacity\"\/>\n\n\n<h3 class=\"wp-block-heading\" id=\"3-transparencia-e-divulgacao\"><strong>3. Transpar\u00eancia e Divulga\u00e7\u00e3o<\/strong><\/h3>\n\n\n<p><strong>Comunica\u00e7\u00e3o clara:<\/strong><br>Sempre que exista uma parceria ou rela\u00e7\u00e3o comercial relevante, divulgamos essa informa\u00e7\u00e3o de forma transparente.<\/p>\n\n\n\n<p><strong>Crit\u00e9rios de avalia\u00e7\u00e3o:<\/strong><br>A nossa abordagem considera a sele\u00e7\u00e3o de jogos, justi\u00e7a, licenciamento, b\u00f3nus, desempenho de levantamentos, apoio ao cliente, experi\u00eancia mobile e valor global para o utilizador. Estes crit\u00e9rios s\u00e3o aplicados de forma consistente para garantir equidade em todas as an\u00e1lises.<\/p>\n\n\n\n<p><strong>Saiba mais sobre o nosso processo de avalia\u00e7\u00e3o:<\/strong><br>Para uma explica\u00e7\u00e3o detalhada dos fatores que analisamos, consulte a nossa p\u00e1gina <em><a href=\"https:\/\/luckyhat.com\/pt-pt\/how-we-rate\/\">Como Avaliamos Casinos de Criptomoedas Online<\/a><\/em>.<\/p>\n\n\n\n<hr class=\"wp-block-separator has-alpha-channel-opacity\"\/>\n\n\n<h3 class=\"wp-block-heading\" id=\"4-qualidade-e-consistencia\"><strong>4. Qualidade e Consist\u00eancia<\/strong><\/h3>\n\n\n<p><strong>Elevados padr\u00f5es de escrita:<\/strong><br>Todo o conte\u00fado segue padr\u00f5es rigorosos de clareza, estrutura, precis\u00e3o e legibilidade. Escrevemos para jogadores reais, n\u00e3o para marketing excessivo.<\/p>\n\n\n\n<p><strong>Cobertura abrangente:<\/strong><br>As nossas an\u00e1lises e guias incluem informa\u00e7\u00f5es pr\u00e1ticas e centradas no utilizador sobre:<\/p>\n\n\n\n<p>\u2022 b\u00f3nus e promo\u00e7\u00f5es<br>\u2022 bibliotecas de jogos e fornecedores de software<br>\u2022 dep\u00f3sitos, levantamentos e velocidade de pagamentos<br>\u2022 licenciamento e medidas de seguran\u00e7a<br>\u2022 experi\u00eancia do utilizador e desempenho do site<br>\u2022 qualidade e rapidez do apoio ao cliente<br>\u2022 suporte a criptomoedas e op\u00e7\u00f5es de pagamento<\/p>\n\n\n\n<hr class=\"wp-block-separator has-alpha-channel-opacity\"\/>\n\n\n<h3 class=\"wp-block-heading\" id=\"5-envolvimento-dos-utilizadores-e-feedback\"><strong>5. Envolvimento dos Utilizadores e Feedback<\/strong><\/h3>\n\n\n<p><strong>Di\u00e1logo aberto:<\/strong><br>O feedback dos leitores ajuda-nos a melhorar. Monitorizamos e respondemos a coment\u00e1rios e quest\u00f5es dos utilizadores quando apropriado.<\/p>\n\n\n\n<p><strong>Padr\u00f5es da comunidade:<\/strong><br>O conte\u00fado gerado por utilizadores deve ser respeitoso e construtivo. Moderamos os coment\u00e1rios para manter um ambiente seguro e informativo.<\/p>\n\n\n\n<hr class=\"wp-block-separator has-alpha-channel-opacity\"\/>\n\n\n<h3 class=\"wp-block-heading\" id=\"6-padroes-eticos\"><strong>6. Padr\u00f5es \u00c9ticos<\/strong><\/h3>\n\n\n<p><strong>Jogo respons\u00e1vel:<\/strong><br>Incentivamos o jogo respons\u00e1vel e disponibilizamos links para ferramentas e recursos de apoio que ajudam os jogadores a gerir os seus h\u00e1bitos. Consulte a nossa p\u00e1gina de <em><a href=\"https:\/\/luckyhat.com\/pt-pt\/responsible-gambling\/\">Jogo Respons\u00e1vel<\/a><\/em> para saber mais.<\/p>\n\n\n\n<p><strong>Prote\u00e7\u00e3o de dados pessoais:<\/strong><br>Consulte a nossa <em><a href=\"https:\/\/luckyhat.com\/pt-pt\/privacy-policy\/\">Pol\u00edtica de Privacidade<\/a><\/em> para saber como protegemos as suas informa\u00e7\u00f5es pessoais e cumprimos rigorosamente as leis e requisitos de prote\u00e7\u00e3o de dados.<\/p>\n\n\n\n<hr class=\"wp-block-separator has-alpha-channel-opacity\"\/>\n\n\n<h3 class=\"wp-block-heading\" id=\"7-fluxo-editorial\"><strong>7. Fluxo Editorial<\/strong><\/h3>\n\n\n<p><strong>Cria\u00e7\u00e3o de conte\u00fado:<\/strong><br>Os redatores realizam pesquisas detalhadas, testam plataformas e apresentam informa\u00e7\u00f5es de forma imparcial.<\/p>\n\n\n\n<p><strong>Revis\u00e3o editorial:<\/strong><br>Os editores avaliam o conte\u00fado quanto \u00e0 precis\u00e3o, clareza e conformidade com as nossas diretrizes de integridade. A aprova\u00e7\u00e3o final \u00e9 dada por membros s\u00e9nior da equipa editorial.<\/p>\n\n\n\n<p><strong>Atualiza\u00e7\u00f5es cont\u00ednuas:<\/strong><br>Revemos sistematicamente o conte\u00fado publicado para garantir que permanece relevante e preciso. O feedback dos utilizadores pode tamb\u00e9m levar a melhorias ou esclarecimentos.<\/p>\n\n\n\n<hr class=\"wp-block-separator has-alpha-channel-opacity\"\/>\n\n\n<h2 class=\"wp-block-heading\" id=\"divulgacao-de-afiliados\">Divulga\u00e7\u00e3o de Afiliados<\/h2>\n\n\n<p>A LuckyHat.com obt\u00e9m receitas atrav\u00e9s de parcerias de afiliados. Isto significa que, ao clicar em determinados links ou ao registar-se num casino atrav\u00e9s do nosso site, podemos receber uma comiss\u00e3o sem qualquer custo adicional para si.<\/p>\n\n\n\n<p>Estas parcerias n\u00e3o influenciam as nossas classifica\u00e7\u00f5es, an\u00e1lises ou recomenda\u00e7\u00f5es. A nossa equipa editorial atua de forma independente, e a integridade est\u00e1 no centro de todo o conte\u00fado. O seu apoio atrav\u00e9s de links de afiliados ajuda a manter o site ativo, mas a sua confian\u00e7a \u00e9 mais importante do que qualquer comiss\u00e3o.<\/p>\n","protected":false},"excerpt":{"rendered":"<p>Na LuckyHat.com, estamos comprometidos em produzir conte\u00fado honesto, transparente e independente, no qual os jogadores possam confiar. Seja uma an\u00e1lise de casino, um guia de estrat\u00e9gia ou uma an\u00e1lise do setor, tudo o que publicamos segue rigorosos padr\u00f5es de integridade e qualidade. Estas diretrizes garantem que o nosso trabalho permanece fi\u00e1vel, imparcial e verdadeiramente \u00fatil. &#8230; <a title=\"Integridade de Conte\u00fado e Padr\u00f5es Editoriais\" class=\"read-more\" href=\"https:\/\/luckyhat.com\/pt-pt\/content-integrity\/\" aria-label=\"Leia mais sobre Integridade de Conte\u00fado e Padr\u00f5es Editoriais\">Ler mais<\/a><\/p>\n","protected":false},"author":20,"featured_media":0,"parent":0,"menu_order":0,"comment_status":"closed","ping_status":"closed","template":"","meta":{"_acf_changed":false,"inline_featured_image":false,"footnotes":""},"class_list":["post-11412","page","type-page","status-publish"],"acf":[],"_links":{"self":[{"href":"https:\/\/luckyhat.com\/pt-pt\/wp-json\/wp\/v2\/pages\/11412","targetHints":{"allow":["GET"]}}],"collection":[{"href":"https:\/\/luckyhat.com\/pt-pt\/wp-json\/wp\/v2\/pages"}],"about":[{"href":"https:\/\/luckyhat.com\/pt-pt\/wp-json\/wp\/v2\/types\/page"}],"author":[{"embeddable":true,"href":"https:\/\/luckyhat.com\/pt-pt\/wp-json\/wp\/v2\/users\/20"}],"replies":[{"embeddable":true,"href":"https:\/\/luckyhat.com\/pt-pt\/wp-json\/wp\/v2\/comments?post=11412"}],"version-history":[{"count":5,"href":"https:\/\/luckyhat.com\/pt-pt\/wp-json\/wp\/v2\/pages\/11412\/revisions"}],"predecessor-version":[{"id":11677,"href":"https:\/\/luckyhat.com\/pt-pt\/wp-json\/wp\/v2\/pages\/11412\/revisions\/11677"}],"wp:attachment":[{"href":"https:\/\/luckyhat.com\/pt-pt\/wp-json\/wp\/v2\/media?parent=11412"}],"curies":[{"name":"wp","href":"https:\/\/api.w.org\/{rel}","templated":true}]}}