{"id":11410,"date":"2026-03-21T10:57:13","date_gmt":"2026-03-21T15:57:13","guid":{"rendered":"https:\/\/luckyhat.com\/ai-usage-disclosure\/"},"modified":"2026-04-15T09:16:33","modified_gmt":"2026-04-15T14:16:33","slug":"ai-editorial-policy","status":"publish","type":"page","link":"https:\/\/luckyhat.com\/pt-pt\/ai-editorial-policy\/","title":{"rendered":"Divulga\u00e7\u00e3o sobre a Utiliza\u00e7\u00e3o de IA"},"content":{"rendered":"\n<p>O objetivo da LuckyHat sempre foi trazer clareza e facilidade de utiliza\u00e7\u00e3o ao mundo din\u00e2mico do jogo com criptomoedas. Para fornecer aos nossos leitores an\u00e1lises em tempo real, calculadoras precisas e guias detalhados, utilizamos ferramentas t\u00e9cnicas avan\u00e7adas.<\/p>\n\n\n\n<p>Para manter um elevado padr\u00e3o de confian\u00e7a, utilizamos IA como ferramenta de apoio dentro de um processo editorial estritamente liderado por humanos, no qual cada conte\u00fado \u00e9 cuidadosamente revisto e verificado antes da publica\u00e7\u00e3o.<\/p>\n\n\n<h3 class=\"wp-block-heading\" id=\"divulgacao-sobre-a-utilizacao-de-ia\"><strong>Divulga\u00e7\u00e3o sobre a Utiliza\u00e7\u00e3o de IA<\/strong><\/h3>\n\n\n<p>At LuckyHat, AI serves as a sophisticated assistant within a human-centric workflow. Its purpose is Na LuckyHat, a IA funciona como uma assistente sofisticada dentro de um fluxo de trabalho centrado no ser humano. O seu objetivo \u00e9 ajudar a organizar dados e ampliar a nossa capacidade de produ\u00e7\u00e3o. N\u00e3o \u00e9 utilizada como substituto de investiga\u00e7\u00e3o genu\u00edna ou de discernimento especializado.<\/p>\n\n\n<h4 class=\"wp-block-heading\" id=\"1-analises-de-casinos-de-criptomoedas\">1. An\u00e1lises de Casinos de Criptomoedas<\/h4>\n\n\n<p>Todas as an\u00e1lises de casinos come\u00e7am com investiga\u00e7\u00e3o pr\u00e1tica realizada por humanos. A nossa equipa regista-se nas plataformas, testa a jogabilidade, avalia dep\u00f3sitos e levantamentos e analisa diretamente os termos dos b\u00f3nus.<\/p>\n\n\n\n<p>Depois de conclu\u00edda esta investiga\u00e7\u00e3o:<\/p>\n\n\n\n<p>\u2022 a IA pode ser utilizada para ajudar a organizar as conclus\u00f5es e gerar rascunhos estruturados;<br>\u2022 um redator humano rev\u00ea, edita e aperfei\u00e7oa integralmente o rascunho para garantir precis\u00e3o, clareza e consist\u00eancia com os nossos padr\u00f5es;<br>\u2022 um segundo revisor humano verifica de forma independente os principais detalhes antes da publica\u00e7\u00e3o.<\/p>\n\n\n\n<p>Para uma explica\u00e7\u00e3o completa da nossa metodologia de an\u00e1lise, consulte a nossa p\u00e1gina <em><a href=\"https:\/\/luckyhat.com\/pt-pt\/how-we-rate\/\">Como Avaliamos Casinos de Criptomoedas Online<\/a><\/em>.<\/p>\n\n\n\n<hr class=\"wp-block-separator has-alpha-channel-opacity\"\/>\n\n\n<h4 class=\"wp-block-heading\" id=\"2-escalabilidade-e-formatacao-de-conteudo\">2. Escalabilidade e Formata\u00e7\u00e3o de Conte\u00fado<\/h4>\n\n\n<p>A IA \u00e9 utilizada para apoiar tarefas editoriais repetitivas, tais como:<\/p>\n\n\n\n<p>\u2022 estruturar conte\u00fados longos;<br>\u2022 formatar dados de casinos e termos de b\u00f3nus;<br>\u2022 melhorar a legibilidade e a consist\u00eancia entre p\u00e1ginas.<\/p>\n\n\n\n<p>Isto permite \u00e0 nossa equipa dedicar mais tempo a testes, verifica\u00e7\u00e3o e an\u00e1lise.<\/p>\n\n\n\n<hr class=\"wp-block-separator has-alpha-channel-opacity\"\/>\n\n\n<h4 class=\"wp-block-heading\" id=\"3-traducoes\">3. Tradu\u00e7\u00f5es<\/h4>\n\n\n<p>Para servir a nossa comunidade internacional, utilizamos ferramentas de tradu\u00e7\u00e3o com recurso a IA. Todo o conte\u00fado traduzido \u00e9 revisto e ajustado quando necess\u00e1rio para garantir precis\u00e3o, clareza e relev\u00e2ncia cultural.<\/p>\n\n\n\n<hr class=\"wp-block-separator has-alpha-channel-opacity\"\/>\n\n\n<h3 class=\"wp-block-heading\" id=\"a-nossa-politica\"><strong>A Nossa Pol\u00edtica<\/strong><\/h3>\n\n\n<p>Embora a IA nos ajude a ampliar os nossos esfor\u00e7os, a LuckyHat n\u00e3o publica conte\u00fado bruto gerado por IA sem edi\u00e7\u00e3o. Todas as an\u00e1lises de casinos, guias de estrat\u00e9gia e not\u00edcias est\u00e3o sujeitas a rigorosa supervis\u00e3o humana:<\/p>\n\n\n\n<p><strong>Planeamento de conte\u00fado liderado por humanos:<\/strong> Pessoas reais decidem o que cobrimos e quais os aspetos mais importantes para os nossos leitores.<\/p>\n\n\n\n<p><strong>Revis\u00e3o humana:<\/strong> Cada frase assistida por IA \u00e9 verificada manualmente, reescrita quando necess\u00e1rio e validada.<\/p>\n\n\n\n<p><strong>Aprova\u00e7\u00e3o humana:<\/strong> Um editor-chefe humano assume a responsabilidade final por cada conte\u00fado.<\/p>\n\n\n\n<p>Para saber mais sobre os nossos padr\u00f5es editoriais e processo de supervis\u00e3o, consulte a nossa p\u00e1gina <em><a href=\"https:\/\/luckyhat.com\/pt-pt\/content-integrity\/\">Integridade de Conte\u00fado<\/a><\/em>.<\/p>\n\n\n\n<hr class=\"wp-block-separator has-alpha-channel-opacity\"\/>\n\n\n<h3 class=\"wp-block-heading\" id=\"verificacao-e-integridade-etica\"><strong>Verifica\u00e7\u00e3o e Integridade \u00c9tica<\/strong><\/h3>\n\n\n<p>Como o mercado das criptomoedas evolui rapidamente, a precis\u00e3o \u00e9 inegoci\u00e1vel. Combatemos o risco de \u201calucina\u00e7\u00f5es\u201d da IA ou de dados desatualizados atrav\u00e9s de um protocolo rigoroso de verifica\u00e7\u00e3o:<\/p>\n\n\n\n<p><strong>Auditorias manuais:<\/strong> Nunca permitimos que a IA pesquise termos de b\u00f3nus, requisitos de apostas ou criptomoedas suportadas. Tudo isto \u00e9 verificado por um autor humano.<\/p>\n\n\n\n<p><strong>Verifica\u00e7\u00f5es de seguran\u00e7a:<\/strong> Elementos como o estado da licen\u00e7a e certifica\u00e7\u00f5es \u201cProvably Fair\u201d s\u00e3o confirmados por investigadores humanos, n\u00e3o por IA.<\/p>\n\n\n\n<p><strong>Independ\u00eancia total:<\/strong> As ferramentas de IA nunca podem influenciar as nossas classifica\u00e7\u00f5es nem posi\u00e7\u00f5es editoriais. Os nossos rankings permanecem objetivos e baseados exclusivamente no desempenho.<\/p>\n\n\n\n<hr class=\"wp-block-separator has-alpha-channel-opacity\"\/>\n\n\n<h3 class=\"wp-block-heading\" id=\"jogo-responsavel-e-seguranca-financeira\"><strong>Jogo Respons\u00e1vel e Seguran\u00e7a Financeira<\/strong><\/h3>\n\n\n<p>Independentemente da forma como o conte\u00fado \u00e9 criado, tudo o que se encontra na LuckyHat destina-se apenas a fins educativos, informativos e de entretenimento.<\/p>\n\n\n\n<p>Nada aqui deve ser interpretado como orienta\u00e7\u00e3o de investimento ou aconselhamento jur\u00eddico. As criptomoedas s\u00e3o inerentemente vol\u00e1teis, e o jogo envolve o risco de perda total. Recomendamos vivamente que todos os leitores joguem com responsabilidade, utilizem ferramentas de autoexclus\u00e3o quando necess\u00e1rio e cumpram as leis aplic\u00e1veis na sua jurisdi\u00e7\u00e3o local. Consulte a nossa p\u00e1gina <em><a href=\"https:\/\/luckyhat.com\/pt-pt\/responsible-gambling\/\">Jogo Respons\u00e1vel<\/a><\/em> para saber mais.<\/p>\n\n\n\n<hr class=\"wp-block-separator has-alpha-channel-opacity\"\/>\n\n\n<h3 class=\"wp-block-heading\" id=\"aviso-legal\"><strong>Aviso Legal<\/strong><\/h3>\n\n\n<p>A participa\u00e7\u00e3o em jogos de azar com criptomoedas envolve riscos significativos. As informa\u00e7\u00f5es disponibilizadas na LuckyHat destinam-se estritamente a fins de entretenimento e educa\u00e7\u00e3o; n\u00e3o constituem aconselhamento jur\u00eddico nem financeiro. Nunca aposte mais do que aquilo que pode perder com conforto.<\/p>\n\n\n\n<p>A LuckyHat pode receber comiss\u00f5es de afiliado quando visita operadores atrav\u00e9s dos nossos links, sem qualquer custo adicional para si. Todas as recomenda\u00e7\u00f5es resultam de um processo de avalia\u00e7\u00e3o abrangente e liderado por humanos.<\/p>\n","protected":false},"excerpt":{"rendered":"<p>O objetivo da LuckyHat sempre foi trazer clareza e facilidade de utiliza\u00e7\u00e3o ao mundo din\u00e2mico do jogo com criptomoedas. Para fornecer aos nossos leitores an\u00e1lises em tempo real, calculadoras precisas e guias detalhados, utilizamos ferramentas t\u00e9cnicas avan\u00e7adas. Para manter um elevado padr\u00e3o de confian\u00e7a, utilizamos IA como ferramenta de apoio dentro de um processo editorial &#8230; <a title=\"Divulga\u00e7\u00e3o sobre a Utiliza\u00e7\u00e3o de IA\" class=\"read-more\" href=\"https:\/\/luckyhat.com\/pt-pt\/ai-editorial-policy\/\" aria-label=\"Leia mais sobre Divulga\u00e7\u00e3o sobre a Utiliza\u00e7\u00e3o de IA\">Ler mais<\/a><\/p>\n","protected":false},"author":20,"featured_media":0,"parent":0,"menu_order":0,"comment_status":"closed","ping_status":"closed","template":"","meta":{"_acf_changed":false,"inline_featured_image":false,"footnotes":""},"class_list":["post-11410","page","type-page","status-publish"],"acf":[],"_links":{"self":[{"href":"https:\/\/luckyhat.com\/pt-pt\/wp-json\/wp\/v2\/pages\/11410","targetHints":{"allow":["GET"]}}],"collection":[{"href":"https:\/\/luckyhat.com\/pt-pt\/wp-json\/wp\/v2\/pages"}],"about":[{"href":"https:\/\/luckyhat.com\/pt-pt\/wp-json\/wp\/v2\/types\/page"}],"author":[{"embeddable":true,"href":"https:\/\/luckyhat.com\/pt-pt\/wp-json\/wp\/v2\/users\/20"}],"replies":[{"embeddable":true,"href":"https:\/\/luckyhat.com\/pt-pt\/wp-json\/wp\/v2\/comments?post=11410"}],"version-history":[{"count":7,"href":"https:\/\/luckyhat.com\/pt-pt\/wp-json\/wp\/v2\/pages\/11410\/revisions"}],"predecessor-version":[{"id":11676,"href":"https:\/\/luckyhat.com\/pt-pt\/wp-json\/wp\/v2\/pages\/11410\/revisions\/11676"}],"wp:attachment":[{"href":"https:\/\/luckyhat.com\/pt-pt\/wp-json\/wp\/v2\/media?parent=11410"}],"curies":[{"name":"wp","href":"https:\/\/api.w.org\/{rel}","templated":true}]}}