{"id":11220,"date":"2024-10-03T03:47:57","date_gmt":"2024-10-03T08:47:57","guid":{"rendered":"https:\/\/luckyhat.com\/roulette-simulator\/"},"modified":"2026-04-08T07:15:36","modified_gmt":"2026-04-08T12:15:36","slug":"roulette-simulator","status":"publish","type":"page","link":"https:\/\/luckyhat.com\/pt-pt\/roulette-simulator\/","title":{"rendered":"Simulador de Roleta"},"content":{"rendered":"\n<div class=\"RouletteCalculatorWrapper\" data-roulette-calculator-wrapper>\n\t<section class=\"RouletteCalculatorWrapper__section\">\n\t\t<div class=\"RouletteCalculatorWrapper__container\">\n\t\t\t\t<img decoding=\"async\" src=\"https:\/\/luckyhat.com\/wp-content\/plugins\/roulette-calculator\/includes\/..\/src\/images\/background-small-sections.png\" alt=\"\" loading=\"lazy\" class=\"RouletteCalculatorWrapper__background-image\">\n\t\t\t\t<div class=\"container px-0\"><nav aria-label=\"breadcrumbs\" class=\"rank-math-breadcrumb\"><p><a href=\"https:\/\/luckyhat.com\/pt-pt\/\">In\u00edcio<\/a><span class=\"separator\"> <svg width=\"13\" height=\"8\" viewBox=\"0 0 13 8\" fill=\"none\" xmlns=\"http:\/\/www.w3.org\/2000\/svg\"><path d=\"M8.45131 0H9.72331L12.4953 3.54L9.71131 7.08H8.45131L10.7313 4.212C10.7553 4.18 10.7793 4.148 10.8033 4.116C10.8353 4.084 10.8633 4.052 10.8873 4.02H0.015312V3.06H10.8873C10.8553 3.02 10.8233 2.98 10.7913 2.94C10.7593 2.9 10.7233 2.86 10.6833 2.82L8.45131 0Z\" fill=\"#112721\" \/><\/svg><\/span><span class=\"last\">Simulador de Roleta<\/span><script type=\"application\/ld+json\">\n\t\t\t{\n\t\t\t\t\"@context\": \"https:\/\/schema.org\",\n\t\t\t\t\"@type\": \"BreadcrumbList\",\n\t\t\t\t\"itemListElement\": [{\"@type\":\"ListItem\",\"position\":1,\"name\":\"In\\u00edcio\",\"item\":\"https:\\\/\\\/luckyhat.com\\\/pt-pt\\\/\"},{\"@type\":\"ListItem\",\"position\":2,\"name\":\"Simulador de Roleta\"}]\n\t\t\t}\n\t\t<\/script><\/p><\/nav><\/div>\t\t\t\t<div class=\"RouletteCalculatorWrapper__introduction\">\n\t\t\t\t\t\t\t\t\t\t\t\t\t\t\t\t<h1 class=\"RouletteCalculatorWrapper__title\">Simulador de Roleta Gratuito e Calculadora de Probabilidades<\/h1>\n\t\t\t\t\t\t\t\t\t\t\t\t\t\t\t\t\t\t\t\t<div class=\"RouletteCalculatorWrapper__description\">\n\t\t\t\t\t\t\t\t\t\t\t\t\t\t\t\t<div class=\"author-card--description__shortened\" id=\"author-desc-short\">Bem-vindo ao nosso Simulador de Roleta e Calculadora gratuitos, desenvolvidos internamente! Esta ferramenta poderosa permite analisar probabilidades...<\/div>\n\t\t\t\t\t\t\t\t<div class=\"author-card--description__full\"      id=\"author-desc-full\" ><p>Bem-vindo ao nosso Simulador de Roleta e Calculadora gratuitos, desenvolvidos internamente! Esta ferramenta poderosa permite analisar probabilidades e valor esperado para qualquer aposta, simular giros, estimar o lucro ou preju\u00edzo de uma sess\u00e3o e at\u00e9 calcular a sua probabilidade de sucesso ou fracasso com base em crit\u00e9rios definidos por si.<\/p>\n<p style=\"text-align: left\">A nossa ferramenta de roleta pode ser excelente para an\u00e1lise, simula\u00e7\u00f5es e defini\u00e7\u00e3o de expectativas, mas n\u00e3o pode realizar apostas reais por si. Se decidir jogar roleta com dinheiro real, aqui est\u00e3o os nossos tr\u00eas casinos recomendados para uma experi\u00eancia de roleta de qualidade:<\/p>\n<p style=\"text-align: left\">1) <a href=\"https:\/\/luckyhat.com\/pt-pt\/jacks-club\">Jacks Club<\/a>\u00a0 \u00a02) <a href=\"https:\/\/luckyhat.com\/pt-pt\/duelbits\">Duelbits<\/a>\u00a0 \u00a03) <a href=\"https:\/\/luckyhat.com\/pt-pt\/stake\">Stake<\/a><\/p>\n<\/div>\n\t\t\t\t\t\t\t\t<button type=\"button\" class=\"author-card--description__toggle\" aria-expanded=\"false\" aria-controls=\"author-desc-short author-desc-full\">\n\t\t\t\t\t\t\t\t\t<span>Read More<\/span>\n\t\t\t\t\t\t\t\t\t<svg width=\"13\" height=\"12\" viewBox=\"0 0 13 12\" fill=\"none\" xmlns=\"http:\/\/www.w3.org\/2000\/svg\">\n\t\t\t\t\t\t\t\t\t\t<path d=\"M7.75 0.75V5.75H12.75H13.5V7.25H12.75H7.75V12.25V13H6.25V12.25V7.25H1.25H0.5V5.75H1.25H6.25V0.75V0H7.75V0.75Z\" fill=\"#0B1E1C\"><\/path>\n\t\t\t\t\t\t\t\t\t<\/svg>\n\t\t\t\t\t\t\t\t<\/button>\n\t\t\t\t\t\t\t<\/div>\n\t\t\t\t\t\t\t\t\t\t<\/div>\n\t\t<\/div>\n\t<\/section>\n\t\n\t<section class=\"RouletteCalculatorWrapper__section calculator\">\n\t\t<div class=\"RouletteCalculatorWrapper__container\">\n\t\t\t<div data-roulette-calculator=\"https:\/\/luckyhat.com\/wp-content\/plugins\/roulette-calculator\/\"><\/div>\n\t\t<\/div>\n\t<\/section>\n\n\t<section class=\"RouletteCalculatorWrapper__section\">\n\t\t<div class=\"RouletteCalculatorWrapper__container\">\n\t\t\t\t\t\t\t<div class=\"RouletteCalculatorWrapper__content\"><h2>Como Utilizar o Nosso Simulador de Roleta<\/h2>\n<p>Siga o guia passo a passo abaixo para aprender a usar esta ferramenta de roleta de forma eficaz.<\/p>\n<p><span class=\"section-sticker\">Passo 1<\/span><\/p>\n<h3>Selecionar o Tipo de Roleta<\/h3>\n<p>Escolha uma das nossas tr\u00eas op\u00e7\u00f5es:<\/p>\n<ul>\n<li><strong>Roleta Europeia (zero \u00fanico):<\/strong> Do ponto de vista matem\u00e1tico, este \u00e9 o melhor tipo de roleta dispon\u00edvel.<\/li>\n<li><strong>Roleta Americana (zero duplo):<\/strong> Os casinos ficaram gananciosos e adicionaram um segundo zero para aumentar a sua vantagem.<\/li>\n<li><strong>Roleta Triple Zero:<\/strong> N\u00e3o jogue esta com dinheiro real. Como a ferramenta vai mostrar, a vantagem da casa \u00e9 simplesmente diab\u00f3lica.<\/li>\n<\/ul>\n<hr \/>\n<p><span class=\"section-sticker\">Passo 2<\/span><\/p>\n<h3>Definir a Sua Estrat\u00e9gia<\/h3>\n<p>Coloque fichas na mesa como quiser. A s\u00e9rio \u2014 a nossa ferramenta consegue lidar com tudo, desde uma \u00fanica ficha no Vermelho at\u00e9 uma estrat\u00e9gia de apostas digna de um g\u00e9nio.<\/p>\n<p>Aqui est\u00e3o todos os tipos de apostas dispon\u00edveis:<\/p>\n<ul>\n<li>Vermelho ou Preto<\/li>\n<li>\u00cdmpar ou Par<\/li>\n<li>1 a 18 ou 19 a 36<\/li>\n<li>1\u00aa d\u00fazia, 2\u00aa d\u00fazia ou 3\u00aa d\u00fazia<\/li>\n<li>Apostas em N\u00famero \u00danico<\/li>\n<li>Apostas Divididas<\/li>\n<li>Apostas em Coluna<\/li>\n<li>Apostas de Canto<\/li>\n<li>Apostas de Linha<\/li>\n<\/ul>\n<hr \/>\n<p><span class=\"section-sticker\">Passo 3<\/span><\/p>\n<h3>Escolher a Op\u00e7\u00e3o de Jogo<\/h3>\n<p>Existem seis op\u00e7\u00f5es diferentes. Vamos explicar cada uma abaixo para que saiba exatamente o que fazem.<\/p>\n<h4><strong>1.<\/strong> Aposta \u00danica<\/h4>\n<p>Escolha esta op\u00e7\u00e3o se quiser matem\u00e1tica pura e direta.<\/p>\n<ul>\n<li>A calculadora mostra as suas probabilidades exatas de ganhar e perder num \u00fanico giro, al\u00e9m do valor esperado da sua aposta.<\/li>\n<li>Lembrete: os giros da roleta s\u00e3o independentes. A roda n\u00e3o tem mem\u00f3ria, n\u00e3o guarda rancor e n\u00e3o tem qualquer sentido de justi\u00e7a!<\/li>\n<\/ul>\n<h4><strong>2.<\/strong> Simula\u00e7\u00e3o<\/h4>\n<p>Se prefere ver a roleta em a\u00e7\u00e3o, esta \u00e9 a op\u00e7\u00e3o divertida.<\/p>\n<ul>\n<li>Clique no bot\u00e3o \u201cGirar\u201d e a ferramenta escolher\u00e1 um n\u00famero completamente aleat\u00f3rio, tal como uma roda real.<\/li>\n<li>A ferramenta acompanha o seu lucro ou preju\u00edzo e regista giros anteriores, por isso pode clicar no bot\u00e3o \u201cGirar\u201d \u00e0 vontade e observar a matem\u00e1tica de longo prazo a fazer o seu trabalho.<\/li>\n<\/ul>\n<h4><strong>3.<\/strong> Casino Presencial (30 apostas por hora)<\/h4>\n<p>Est\u00e1 a planear jogar roleta num casino f\u00edsico?<\/p>\n<ul>\n<li>Entre esperar pela roda, ver outras pessoas hesitarem e fingir educadamente que est\u00e1 a divertir-se, estimamos que far\u00e1 cerca de 30 apostas por hora.<\/li>\n<li>Escolha quanto tempo pretende jogar (1\u20134 horas) e a ferramenta ir\u00e1 estimar quanto \u00e9 esperado perder, juntamente com as suas probabilidades de sair com lucro.<\/li>\n<\/ul>\n<h4><strong>4.<\/strong> Online com Dealer (110 apostas por hora)<\/h4>\n<p>Sem espera por lugares e sem aquele ambiente estranho de mesa \u2014 o ritmo aqui \u00e9 muito mais r\u00e1pido.<\/p>\n<ul>\n<li>Esta op\u00e7\u00e3o cobre roleta online com dealer ao vivo (tamb\u00e9m conhecido como croupier).<\/li>\n<li>Com cerca de 110 apostas por hora, a matem\u00e1tica aparece mais rapidamente. Selecione a dura\u00e7\u00e3o da sua sess\u00e3o e mostraremos a sua perda esperada e a probabilidade de terminar em lucro.<\/li>\n<\/ul>\n<h4><strong>5.<\/strong> Online sem Dealer (220 apostas por hora)<\/h4>\n<p>Esta \u00e9 roleta totalmente automatizada. Sem dealer. Sem conversa. Sem piedade.<\/p>\n<ul>\n<li>Test\u00e1mos pessoalmente, e \u00e9 verdade: pode fazer cerca de 220 apostas por hora.<\/li>\n<li>Escolha quanto tempo vai jogar e a ferramenta calcular\u00e1 a sua perda esperada, juntamente com a probabilidade de obter lucro antes que a matem\u00e1tica inevitavelmente o chame \u00e0 realidade.<\/li>\n<\/ul>\n<h4><strong>6.<\/strong> Objetivo e Limite de Perda<\/h4>\n<p>Esta op\u00e7\u00e3o \u00e9 para pessoas que gostam de regras. Ou pelo menos gostariam de as seguir.<\/p>\n<p>Define tr\u00eas valores:<\/p>\n<ul>\n<li><strong><em>Banca Inicial <\/em><\/strong>: O montante com que come\u00e7a.<\/li>\n<li><strong style=\"font-size: inherit\"><em>Banca Objetivo <\/em><\/strong><span style=\"font-size: inherit\">: A sua meta. Ao atingir este valor, para de jogar, d\u00e1-se os parab\u00e9ns e garante o lucro.<\/span><\/li>\n<li><em style=\"font-size: inherit\"><strong>Limite de Perda <\/strong><\/em><span style=\"font-size: inherit\">: O limite de perdas. Se a sua banca cair at\u00e9 este valor, para de jogar antes que a situa\u00e7\u00e3o se complique..<\/span><\/li>\n<\/ul>\n<p>Depois de definidos, a calculadora estima a probabilidade de sucesso (atingir a Banca Objetivo) versus fracasso (atingir primeiro o Limite de Perda), enquanto aplica repetidamente a sua estrat\u00e9gia de apostas.<\/p>\n<hr \/>\n<p><strong>Acha que a sua estrat\u00e9gia consegue vencer a roda? Veja a nossa <span style=\"color: #0000ff\"><a style=\"color: #0000ff\" href=\"https:\/\/luckyhat.com\/pt-pt\/roulette-casinos\/\">lista dos melhores casinos cripto para jogar roleta<\/a><\/span>.<\/strong><\/p>\n<\/div>\n\t\t\t\t\t<\/div>\n\t<\/section>\n\n<\/div>\n\n","protected":false},"excerpt":{"rendered":"","protected":false},"author":29,"featured_media":0,"parent":0,"menu_order":0,"comment_status":"closed","ping_status":"closed","template":"page-without-gambling-related-stuff.php","meta":{"_acf_changed":false,"inline_featured_image":false,"footnotes":""},"class_list":["post-11220","page","type-page","status-publish"],"acf":[],"_links":{"self":[{"href":"https:\/\/luckyhat.com\/pt-pt\/wp-json\/wp\/v2\/pages\/11220","targetHints":{"allow":["GET"]}}],"collection":[{"href":"https:\/\/luckyhat.com\/pt-pt\/wp-json\/wp\/v2\/pages"}],"about":[{"href":"https:\/\/luckyhat.com\/pt-pt\/wp-json\/wp\/v2\/types\/page"}],"author":[{"embeddable":true,"href":"https:\/\/luckyhat.com\/pt-pt\/wp-json\/wp\/v2\/users\/29"}],"replies":[{"embeddable":true,"href":"https:\/\/luckyhat.com\/pt-pt\/wp-json\/wp\/v2\/comments?post=11220"}],"version-history":[{"count":4,"href":"https:\/\/luckyhat.com\/pt-pt\/wp-json\/wp\/v2\/pages\/11220\/revisions"}],"predecessor-version":[{"id":11225,"href":"https:\/\/luckyhat.com\/pt-pt\/wp-json\/wp\/v2\/pages\/11220\/revisions\/11225"}],"wp:attachment":[{"href":"https:\/\/luckyhat.com\/pt-pt\/wp-json\/wp\/v2\/media?parent=11220"}],"curies":[{"name":"wp","href":"https:\/\/api.w.org\/{rel}","templated":true}]}}