{"id":6183,"date":"2025-11-13T15:15:24","date_gmt":"2025-11-13T20:15:24","guid":{"rendered":"https:\/\/luckyhat.com\/content-integrity-editorial-standards\/"},"modified":"2026-04-02T08:40:58","modified_gmt":"2026-04-02T13:40:58","slug":"content-integrity","status":"publish","type":"page","link":"https:\/\/luckyhat.com\/fr\/content-integrity\/","title":{"rendered":"Int\u00e9grit\u00e9 du contenu et normes \u00e9ditoriales"},"content":{"rendered":"\n<p>Chez LuckyHat.com, nous nous engageons \u00e0 produire un contenu honn\u00eate, transparent et r\u00e9dig\u00e9 de mani\u00e8re ind\u00e9pendante, sur lequel les joueurs peuvent compter. Qu\u2019il s\u2019agisse d\u2019un avis sur un casino, d\u2019un guide de strat\u00e9gie ou d\u2019une analyse du secteur, tout ce que nous publions respecte des normes strictes d\u2019int\u00e9grit\u00e9 et de qualit\u00e9. Ces lignes directrices garantissent que notre travail reste fiable, impartial et r\u00e9ellement utile.<\/p>\n\n\n\n<hr class=\"wp-block-separator has-alpha-channel-opacity\"\/>\n\n\n<h2 class=\"wp-block-heading\" id=\"1-exactitude-et-fiabilite\"><strong>1. Exactitude et fiabilit\u00e9<\/strong><\/h2>\n\n\n<p><strong>Recherche approfondie :<\/strong><br>Nos r\u00e9dacteurs et \u00e9diteurs fondent chaque contenu sur des informations v\u00e9rifi\u00e9es, des sources r\u00e9put\u00e9es, des tests pratiques et une exp\u00e9rience r\u00e9elle des plateformes.<\/p>\n\n\n\n<p><strong>Informations \u00e0 jour :<\/strong><br>Le secteur des casinos \u00e9volue rapidement. Nous r\u00e9visons r\u00e9guli\u00e8rement nos pages afin de refl\u00e9ter les changements relatifs aux bonus, aux options de paiement, aux catalogues de jeux, aux licences et \u00e0 d\u2019autres \u00e9l\u00e9ments importants.<\/p>\n\n\n\n<hr class=\"wp-block-separator has-alpha-channel-opacity\"\/>\n\n\n<h2 class=\"wp-block-heading\" id=\"2-independance-et-evaluation-equitable\"><strong>2. Ind\u00e9pendance et \u00e9valuation \u00e9quitable<\/strong><\/h2>\n\n\n<p><strong>Avis honn\u00eates uniquement :<\/strong><br>Chaque casino est \u00e9valu\u00e9 de mani\u00e8re objective selon des crit\u00e8res d\u2019analyse coh\u00e9rents. Nous mettons en avant les points forts comme les points faibles avec le m\u00eame niveau de transparence.<\/p>\n\n\n\n<p><strong>Aucune manipulation des notes :<\/strong><br>Les op\u00e9rateurs ne peuvent pas influencer nos notes, nos classements ni nos d\u00e9cisions \u00e9ditoriales. Nous n\u2019acceptons ni paiement, ni avantage, ni demande visant \u00e0 modifier le r\u00e9sultat d\u2019un avis. Seule notre \u00e9quipe \u00e9ditoriale d\u00e9cide de la fa\u00e7on dont les casinos sont \u00e9valu\u00e9s.<\/p>\n\n\n\n<hr class=\"wp-block-separator has-alpha-channel-opacity\"\/>\n\n\n<h2 class=\"wp-block-heading\" id=\"3-transparence-et-divulgation\"><strong>3. Transparence et divulgation<\/strong><\/h2>\n\n\n<p><strong>Communication claire :<\/strong><br>D\u00e8s qu\u2019un partenariat ou une relation commerciale est pertinent, nous le signalons de mani\u00e8re transparente.<\/p>\n\n\n\n<p><strong>Crit\u00e8res d\u2019\u00e9valuation :<\/strong><br>Notre approche prend en compte la s\u00e9lection de jeux, l\u2019\u00e9quit\u00e9, les licences, les bonus, la performance des retraits, le service client, l\u2019exp\u00e9rience sur mobile et la valeur globale pour l\u2019utilisateur. Ces crit\u00e8res sont appliqu\u00e9s de fa\u00e7on coh\u00e9rente afin de garantir l\u2019\u00e9quit\u00e9 de tous nos avis.<\/p>\n\n\n\n<p><strong>En savoir plus sur notre processus d\u2019avis :<\/strong><br>Pour une pr\u00e9sentation d\u00e9taill\u00e9e des facteurs que nous \u00e9valuons, veuillez consulter notre page \u00ab <a href=\"https:\/\/luckyhat.com\/fr\/how-we-rate\/\">Comment nous \u00e9valuons les casinos crypto<\/a> \u00bb.<\/p>\n\n\n\n<hr class=\"wp-block-separator has-alpha-channel-opacity\"\/>\n\n\n<h2 class=\"wp-block-heading\" id=\"4-qualite-et-coherence\"><strong>4. Qualit\u00e9 et coh\u00e9rence<\/strong><\/h2>\n\n\n<p><strong>Exigences r\u00e9dactionnelles \u00e9lev\u00e9es :<\/strong><br>Nous imposons \u00e0 tous nos contenus des standards \u00e9lev\u00e9s en termes de clart\u00e9, de structure, d\u2019exactitude et de lisibilit\u00e9. Nos textes sont con\u00e7us pour les joueurs, et non comme de simples messages marketing.<\/p>\n\n\n\n<p><strong>Couverture compl\u00e8te :<\/strong><br>Nos avis et guides fournissent des informations pratiques et ax\u00e9es sur les besoins des joueurs, notamment sur :<\/p>\n\n\n\n<ul class=\"wp-block-list\">\n<li>Les bonus et promotions<\/li>\n\n\n\n<li>Les biblioth\u00e8ques de jeux et les fournisseurs de logiciels<\/li>\n\n\n\n<li>Les d\u00e9p\u00f4ts, retraits et d\u00e9lais de paiement<\/li>\n\n\n\n<li>Les licences et les mesures de s\u00e9curit\u00e9<\/li>\n\n\n\n<li>L\u2019exp\u00e9rience utilisateur et la performance du site<\/li>\n\n\n\n<li>La r\u00e9activit\u00e9 du service client<\/li>\n\n\n\n<li>Le support des cryptomonnaies et les options de paiement<\/li>\n<\/ul>\n\n\n\n<hr class=\"wp-block-separator has-alpha-channel-opacity\"\/>\n\n\n<h2 class=\"wp-block-heading\" id=\"5-engagement-des-utilisateurs-et-retour-dinformation\"><strong>5. Engagement des utilisateurs et retour d\u2019information<\/strong><\/h2>\n\n\n<p><strong>Dialogue ouvert :<\/strong><br>Les retours des lecteurs nous aident \u00e0 nous am\u00e9liorer. Nous suivons et, lorsque c\u2019est appropri\u00e9, r\u00e9pondons aux commentaires et questions des utilisateurs.<\/p>\n\n\n\n<p><strong>Normes communautaires :<\/strong><br>Les contenus g\u00e9n\u00e9r\u00e9s par les utilisateurs doivent rester respectueux et constructifs. Nous mod\u00e9rons les commentaires afin de maintenir un environnement s\u00fbr et informatif.<\/p>\n\n\n\n<hr class=\"wp-block-separator has-alpha-channel-opacity\"\/>\n\n\n<h2 class=\"wp-block-heading\" id=\"6-normes-ethiques\"><strong>6. Normes \u00e9thiques<\/strong><\/h2>\n\n\n<p><strong>Jeu responsable :<\/strong><br>Nous encourageons un jeu responsable et renvoyons vers des outils et ressources d\u2019aide qui permettent aux joueurs de g\u00e9rer leurs habitudes de jeu. Consultez notre page \u00ab <a href=\"https:\/\/luckyhat.com\/fr\/responsible-gambling\/\">Jeu responsable<\/a> \u00bb pour en savoir plus.<\/p>\n\n\n\n<p><strong>Protection de la vie priv\u00e9e :<\/strong><br>Veuillez consulter notre page \u00ab <a href=\"https:\/\/luckyhat.com\/fr\/privacy-policy\/\">Politique de confidentialit\u00e9<\/a> \u00bb pour en savoir plus sur la mani\u00e8re dont nous prot\u00e9geons les informations personnelles et respectons des pratiques strictes de protection des donn\u00e9es ainsi que les exigences l\u00e9gales applicables.<\/p>\n\n\n\n<hr class=\"wp-block-separator has-alpha-channel-opacity\"\/>\n\n\n<h2 class=\"wp-block-heading\" id=\"7-processus-editorial\"><strong>7. Processus \u00e9ditorial<\/strong><\/h2>\n\n\n<p><strong>Cr\u00e9ation de contenu :<\/strong><br>Les r\u00e9dacteurs r\u00e9alisent des recherches d\u00e9taill\u00e9es, testent les plateformes et pr\u00e9sentent les informations sans biais.<\/p>\n\n\n\n<p><strong>Relecture \u00e9ditoriale :<\/strong><br>Les \u00e9diteurs v\u00e9rifient chaque contenu afin d\u2019en garantir l\u2019exactitude, la clart\u00e9 et la conformit\u00e9 avec nos lignes directrices en mati\u00e8re d\u2019int\u00e9grit\u00e9. L\u2019\u00e9quipe \u00e9ditoriale senior proc\u00e8de \u00e0 la validation finale.<\/p>\n\n\n\n<p><strong>Mises \u00e0 jour continues :<\/strong><br>Nous r\u00e9examinons syst\u00e9matiquement les contenus publi\u00e9s afin de les maintenir pertinents et exacts. Les retours des joueurs peuvent \u00e9galement conduire \u00e0 des am\u00e9liorations ou clarifications.<\/p>\n\n\n\n<hr class=\"wp-block-separator has-alpha-channel-opacity\"\/>\n\n\n<h2 class=\"wp-block-heading\" id=\"divulgation-des-liens-daffiliation\"><strong>Divulgation des liens d\u2019affiliation<\/strong><\/h2>\n\n\n<p>LuckyHat.com g\u00e9n\u00e8re des revenus gr\u00e2ce \u00e0 des partenariats d\u2019affiliation. Cela signifie que lorsque vous cliquez sur certains liens ou que vous vous inscrivez sur un casino via notre site, nous pouvons recevoir une commission, sans co\u00fbt suppl\u00e9mentaire pour vous.<\/p>\n\n\n\n<p>Ces partenariats n\u2019influencent pas nos notes, nos avis ni nos recommandations. Notre \u00e9quipe \u00e9ditoriale travaille de mani\u00e8re ind\u00e9pendante et l\u2019int\u00e9grit\u00e9 est au c\u0153ur de notre contenu. Nous soutenir via ces liens d\u2019affiliation nous aide \u00e0 faire fonctionner le site, mais votre confiance reste plus importante que n\u2019importe quelle commission.<\/p>\n","protected":false},"excerpt":{"rendered":"<p>Chez LuckyHat.com, nous nous engageons \u00e0 produire un contenu honn\u00eate, transparent et r\u00e9dig\u00e9 de mani\u00e8re ind\u00e9pendante, sur lequel les joueurs peuvent compter. Qu\u2019il s\u2019agisse d\u2019un avis sur un casino, d\u2019un guide de strat\u00e9gie ou d\u2019une analyse du secteur, tout ce que nous publions respecte des normes strictes d\u2019int\u00e9grit\u00e9 et de qualit\u00e9. Ces lignes directrices garantissent &#8230; <a title=\"Int\u00e9grit\u00e9 du contenu et normes \u00e9ditoriales\" class=\"read-more\" href=\"https:\/\/luckyhat.com\/fr\/content-integrity\/\" aria-label=\"En savoir plus sur Int\u00e9grit\u00e9 du contenu et normes \u00e9ditoriales\">Lire la suite<\/a><\/p>\n","protected":false},"author":20,"featured_media":0,"parent":0,"menu_order":0,"comment_status":"closed","ping_status":"closed","template":"","meta":{"_acf_changed":false,"inline_featured_image":false,"footnotes":""},"class_list":["post-6183","page","type-page","status-publish"],"acf":[],"_links":{"self":[{"href":"https:\/\/luckyhat.com\/fr\/wp-json\/wp\/v2\/pages\/6183","targetHints":{"allow":["GET"]}}],"collection":[{"href":"https:\/\/luckyhat.com\/fr\/wp-json\/wp\/v2\/pages"}],"about":[{"href":"https:\/\/luckyhat.com\/fr\/wp-json\/wp\/v2\/types\/page"}],"author":[{"embeddable":true,"href":"https:\/\/luckyhat.com\/fr\/wp-json\/wp\/v2\/users\/20"}],"replies":[{"embeddable":true,"href":"https:\/\/luckyhat.com\/fr\/wp-json\/wp\/v2\/comments?post=6183"}],"version-history":[{"count":4,"href":"https:\/\/luckyhat.com\/fr\/wp-json\/wp\/v2\/pages\/6183\/revisions"}],"predecessor-version":[{"id":11382,"href":"https:\/\/luckyhat.com\/fr\/wp-json\/wp\/v2\/pages\/6183\/revisions\/11382"}],"wp:attachment":[{"href":"https:\/\/luckyhat.com\/fr\/wp-json\/wp\/v2\/media?parent=6183"}],"curies":[{"name":"wp","href":"https:\/\/api.w.org\/{rel}","templated":true}]}}