{"id":6179,"date":"2025-11-13T15:07:20","date_gmt":"2025-11-13T20:07:20","guid":{"rendered":"https:\/\/luckyhat.com\/how-we-rate-online-crypto-casinos\/"},"modified":"2026-04-02T08:40:47","modified_gmt":"2026-04-02T13:40:47","slug":"how-we-rate","status":"publish","type":"page","link":"https:\/\/luckyhat.com\/fr\/how-we-rate\/","title":{"rendered":"Comment nous \u00e9valuons les casinos crypto en ligne"},"content":{"rendered":"\n<p>Lorsque nous examinons des crypto-casinos en ligne, nous suivons un processus coh\u00e9rent et structur\u00e9 \u00e0 chaque fois. Chez LuckyHat, nous ne cachons pas la mani\u00e8re dont nous \u00e9valuons les casinos. Tout le processus est pr\u00e9sent\u00e9 ici, en toute transparence, afin que vous puissiez voir exactement comment chaque note est attribu\u00e9e.<\/p>\n\n\n\n<p>Nous prenons en compte sept facteurs principaux, chacun \u00e9tant \u00e9valu\u00e9 de 1 \u00e0 5 \u00e9toiles :<\/p>\n\n\n\n<p><em><strong>R\u00e9putation<\/strong> <\/em>: Le degr\u00e9 de fiabilit\u00e9 du casino selon sa licence, son historique et les avis des joueurs.<\/p>\n\n\n\n<p><em><strong>Casino<\/strong> <\/em>: La taille et la qualit\u00e9 de la ludoth\u00e8que, incluant les machines \u00e0 sous, les jeux de table, les croupiers en direct et les jeux <em>Provably Fair<\/em>.<\/p>\n\n\n\n<p><strong><em>P<\/em><\/strong><span><strong style=\"\"><i>aris sportifs<\/i><\/strong><i> <\/i><\/span>: La qualit\u00e9 de l\u2019offre de paris sportifs, depuis les cotes et march\u00e9s jusqu\u2019aux fonctionnalit\u00e9s comme le streaming en direct.<\/p>\n\n\n\n<p><strong><em>Prise en charge des cryptos<\/em><\/strong> : Le nombre de cryptomonnaies accept\u00e9es et la fluidit\u00e9 des transactions en crypto.<\/p>\n\n\n\n<p><strong><em>Exp\u00e9rience du joueur<\/em><\/strong> : La facilit\u00e9, la rapidit\u00e9 et l\u2019agr\u00e9ment d\u2019utilisation du site sur ordinateur et mobile.<\/p>\n\n\n\n<p><strong>Promotions<\/strong> : La valeur du bonus de bienvenue, des r\u00e9compenses continues et du programme VIP ou de fid\u00e9lit\u00e9.<\/p>\n\n\n\n<p><strong><em>Service \u00e0 la client\u00e8le<\/em><\/strong> : La rapidit\u00e9, la disponibilit\u00e9 et l\u2019efficacit\u00e9 du service d\u2019assistance lorsque vous avez besoin d\u2019aide.<\/p>\n\n\n\n<p>Ci-dessous, vous trouverez un aper\u00e7u d\u00e9taill\u00e9 de ce que signifie chaque niveau d\u2019\u00e9toile pour chaque cat\u00e9gorie.<\/p>\n\n\n\n<hr class=\"wp-block-separator has-alpha-channel-opacity\"\/>\n\n\n<h2 class=\"wp-block-heading\" id=\"reputation\"><strong>R\u00c9PUTATION<\/strong><\/h2>\n\n\n<p>\u2b50\u2b50\u2b50\u2b50\u2b50 : Licence d\u00e9livr\u00e9e par une autorit\u00e9 r\u00e9put\u00e9e, excellent historique sur le long terme, et avis syst\u00e9matiquement positifs sur les principales plateformes comme Trustpilot et AskGamblers.<\/p>\n\n\n\n<p>\u2b50\u2b50\u2b50\u2b50 : Enti\u00e8rement licenci\u00e9, fiable et appuy\u00e9 par des avis de joueurs sup\u00e9rieurs \u00e0 la moyenne.<\/p>\n\n\n\n<p>\u2b50\u2b50\u2b50 : Retours mitig\u00e9s ou moyens, ou casino r\u00e9cemment lanc\u00e9 avec un historique limit\u00e9.<\/p>\n\n\n\n<p>\u2b50\u2b50 : D\u00e9tient une licence faible ou discutable et pr\u00e9sente un sch\u00e9ma d\u2019avis n\u00e9gatifs.<\/p>\n\n\n\n<p>\u2b50 : Non licenci\u00e9 ou ayant un pass\u00e9 d\u2019accusations de non-paiement des gains.<\/p>\n\n\n\n<hr class=\"wp-block-separator has-alpha-channel-opacity\"\/>\n\n\n<h2 class=\"wp-block-heading\" id=\"casino\"><strong>CASINO<\/strong><\/h2>\n\n\n<p>\u2b50\u2b50\u2b50\u2b50\u2b50 : Une immense ludoth\u00e8que de machines \u00e0 sous de fournisseurs de confiance, une couverture compl\u00e8te des jeux de table (en direct et virtuels), plus tous les principaux titres <em>Provably Fair<\/em> (Crash, Plinko, Mines, Dice, etc.).<\/p>\n\n\n\n<p>\u2b50\u2b50\u2b50\u2b50 : Une s\u00e9lection de jeux importante et de haute qualit\u00e9, mais sans options <em>Provably Fair<\/em>.<\/p>\n\n\n\n<p>\u2b50\u2b50\u2b50 : Une ludoth\u00e8que solide, mais avec moins de tables avec croupier en direct ou certains fournisseurs majeurs absents.<\/p>\n\n\n\n<p>\u2b50\u2b50 : S\u00e9lection visiblement limit\u00e9e en machines \u00e0 sous et jeux de table, avec une absence de fournisseurs de premier plan.<\/p>\n\n\n\n<p>\u2b50 : Offre de jeux tr\u00e8s faible ou de mauvaise qualit\u00e9, aucun fournisseur majeur et titres \u00e0 RTP bas.<\/p>\n\n\n\n<hr class=\"wp-block-separator has-alpha-channel-opacity\"\/>\n\n\n<h2 class=\"wp-block-heading\" id=\"paris-sportifs\"><strong>PARIS SPORTIFS<\/strong><\/h2>\n\n\n<p>\u2b50\u2b50\u2b50\u2b50\u2b50 : Un sportsbook complet avec une navigation intuitive, des cotes comp\u00e9titives, le streaming en direct et une couverture \u00e9tendue de tous les sports et esports majeurs.<\/p>\n\n\n\n<p>\u2b50\u2b50\u2b50\u2b50 : Offre globalement solide mais d\u00e9pourvue soit du streaming en direct, soit de cotes constamment comp\u00e9titives.<\/p>\n\n\n\n<p>\u2b50\u2b50\u2b50 : Couverture correcte mais p\u00e9nalis\u00e9e par des cotes faibles, l\u2019absence de streaming ou une interface peu pratique.<\/p>\n\n\n\n<p>\u2b50\u2b50 : S\u00e9lection limit\u00e9e \u00e0 certains sports de niche ou esports, avec des cotes globalement inf\u00e9rieures \u00e0 la moyenne.<\/p>\n\n\n\n<p>\u2b50 : Utilisabilit\u00e9 tr\u00e8s faible, cotes peu comp\u00e9titives et couverture sportive tr\u00e8s restreinte.<\/p>\n\n\n\n<hr class=\"wp-block-separator has-alpha-channel-opacity\"\/>\n\n\n<h2 class=\"wp-block-heading\" id=\"prise-en-charge-des-cryptos\"><strong>PRISE EN CHARGE DES CRYPTOS<\/strong><\/h2>\n\n\n<p>\u2b50\u2b50\u2b50\u2b50\u2b50 : Accepte des dizaines de cryptomonnaies, y compris plusieurs tr\u00e8s peu connues.<\/p>\n\n\n\n<p>\u2b50\u2b50\u2b50\u2b50 : Accepte au moins huit cryptomonnaies majeures (BTC, ETH, LTC, DOGE, BCH, XRP, USDT, USDC).<\/p>\n\n\n\n<p>\u2b50\u2b50\u2b50 : Accepte environ quatre \u00e0 six options de cryptomonnaies.<\/p>\n\n\n\n<p>\u2b50\u2b50 : N\u2019accepte que deux ou trois cryptomonnaies.<\/p>\n\n\n\n<p>\u2b50 : N\u2019accepte qu\u2019une seule cryptomonnaie.<\/p>\n\n\n\n<hr class=\"wp-block-separator has-alpha-channel-opacity\"\/>\n\n\n<h2 class=\"wp-block-heading\" id=\"experience-du-joueur\"><strong>EXP\u00c9RIENCE DU JOUEUR<\/strong><\/h2>\n\n\n<p>\u2b50\u2b50\u2b50\u2b50\u2b50 : Design professionnel, interface moderne, chargement rapide, outils efficaces de filtrage et de recherche, et exp\u00e9rience utilisateur globalement fluide.<\/p>\n\n\n\n<p>\u2b50\u2b50\u2b50\u2b50 : Bien con\u00e7u et agr\u00e9able \u00e0 utiliser, bien que d\u00e9pourvu de certaines options de navigation ou de filtrage utiles.<\/p>\n\n\n\n<p>\u2b50\u2b50\u2b50 : Globalement correct mais l\u00e9g\u00e8rement d\u00e9pass\u00e9 et aurait besoin d\u2019une refonte.<\/p>\n\n\n\n<p>\u2b50\u2b50 : Navigation difficile, mise en page dat\u00e9e et structure peu claire.<\/p>\n\n\n\n<p>\u2b50 : Faible optimisation, lenteur, visuel obsol\u00e8te et absence de fonctions de base comme la recherche ou le filtrage.<\/p>\n\n\n\n<hr class=\"wp-block-separator has-alpha-channel-opacity\"\/>\n\n\n<h2 class=\"wp-block-heading\" id=\"promotions\"><strong>PROMOTIONS<\/strong><\/h2>\n\n\n<p>\u2b50\u2b50\u2b50\u2b50\u2b50 : Excellent bonus de bienvenue, r\u00e9compenses continues de grande valeur (cashback, rakeback, free spins, free bets), et programme VIP ou de fid\u00e9lit\u00e9 r\u00e9ellement int\u00e9ressant.<\/p>\n\n\n\n<p>\u2b50\u2b50\u2b50\u2b50 : Promos pour clients existants de qualit\u00e9, mais offre de bienvenue pouvant comporter des exigences \u00e9lev\u00e9es ou restrictives.<\/p>\n\n\n\n<p>\u2b50\u2b50\u2b50 : Bonus de bienvenue raisonnable mais offres continues ou avantages de fid\u00e9lit\u00e9 d\u00e9cevants.<\/p>\n\n\n\n<p>\u2b50\u2b50 : Bonus de bienvenue faible ou restrictif et programme VIP en dessous de la moyenne.<\/p>\n\n\n\n<p>\u2b50 : Offre de bienvenue faible, aucun v\u00e9ritable programme VIP et promotions tr\u00e8s limit\u00e9es.<\/p>\n\n\n\n<hr class=\"wp-block-separator has-alpha-channel-opacity\"\/>\n\n\n<h2 class=\"wp-block-heading\" id=\"service-a-la-clientele\"><strong>SERVICE \u00c0 LA CLIENT\u00c8LE<\/strong><\/h2>\n\n\n<p>\u2b50\u2b50\u2b50\u2b50\u2b50 : Assistance humaine 24\/7 via live chat rapide et utile, e-mail r\u00e9actif et FAQ compl\u00e8te.<\/p>\n\n\n\n<p>\u2b50\u2b50\u2b50\u2b50 : Live chat automatis\u00e9 ou assistance humaine plus lente, avec e-mail et page FAQ.<\/p>\n\n\n\n<p>\u2b50\u2b50\u2b50 : Live chat automatis\u00e9 ou assistance uniquement par e-mail, sans FAQ utile.<\/p>\n\n\n\n<p>\u2b50\u2b50 : Support lent ou inefficace, et uniquement par e-mail.<\/p>\n\n\n\n<p>\u2b50 : E-mail uniquement, sans live chat ni page FAQ.<\/p>\n\n\n\n<hr class=\"wp-block-separator has-alpha-channel-opacity\"\/>\n\n\n<h2 class=\"wp-block-heading\" id=\"autres-facteurs-que-nous-prenons-en-compte\"><strong>Autres facteurs que nous prenons en compte<\/strong><\/h2>\n\n\n<p>Bien que les sept facteurs ci-dessus soient les \u00e9l\u00e9ments centraux de notre syst\u00e8me d\u2019\u00e9valuation, certains aspects compl\u00e9mentaires d\u2019un crypto-casino peuvent influencer la note finale. Nous ne leur attribuons pas de note de 1 \u00e0 5, mais ils jouent un r\u00f4le dans notre analyse globale :<\/p>\n\n\n\n<p><strong>Facilit\u00e9 d\u2019inscription<\/strong> : Vous devriez pouvoir vous inscrire, d\u00e9poser et commencer \u00e0 jouer en quelques minutes.<\/p>\n\n\n\n<p><strong>Anonymit\u00e9<\/strong> : Personne n\u2019aime partager ses informations personnelles. Nous privil\u00e9gions les crypto-casinos qui exigent un KYC limit\u00e9 (ou id\u00e9alement aucun).<\/p>\n\n\n\n<p><strong>Conditions g\u00e9n\u00e9rales<\/strong> : Nous examinons attentivement la page des conditions g\u00e9n\u00e9rales de chaque casino afin de rep\u00e9rer tout \u00e9l\u00e9ment inhabituel, injuste ou douteux.<\/p>\n\n\n\n<p><strong>Outils de jeu responsable<\/strong> : Tout bon casino devrait permettre aux joueurs d\u2019appliquer des limites de d\u00e9p\u00f4t, de mise, de pertes, des pauses courtes et l\u2019auto-exclusion.<\/p>\n\t<div class=\"author-card\">\n\t\t<div class=\"author-card--wrapper\">\n\t\t\t\t\t\t<img src=\"https:\/\/luckyhat.com\/wp-content\/themes\/UbudFramework\/src\/images\/icons\/author-grid.png\" alt=\"Author section background\" loading=\"lazy\" class=\"author-card--background\">\n\t\t\t\n\t\t\t<div class=\"author-card--head\">\n\t\t\t\t<div class=\"author-card--image\">\n\t\t\t\t\t<a href=\"https:\/\/luckyhat.com\/fr\/author\/marco\/\">\n\t\t\t\t\t\t<img class=\"lazy lazyload\" loading=\"lazy\" src=\"https:\/\/luckyhat.com\/wp-content\/uploads\/2025\/11\/Marco-headshot3-1.png\" data-src=\"https:\/\/luckyhat.com\/wp-content\/uploads\/2025\/11\/Marco-headshot3-1.png\" alt=\"Marco Laruffa\" width='120' height='120' \/>\t\t\t\t\t<\/a>\n\t\t\t\t<\/div>\n\t\t\t\t\n\t\t\t\t<div class=\"author-card--info\">\n\t\t\t\t\t<div class=\"author-card--name\">\n\t\t\t\t\t\t<a href=\"https:\/\/luckyhat.com\/fr\/author\/marco\/\">\n\t\t\t\t\t\t\tMarco Laruffa\t\t\t\t\t\t<\/a>\n\n\t\t\t\t\t\t\t\t\t\t\t<\/div>\n\n\t\t\t\t\t\t\t\t\t\t\t\t\t\t\t\t\t<div class=\"author-card--description\" id=\"author-desc-20\">\n\t\t\t\t\t\t\t\t\t\t\t\t\t\t\t\t\t\t\t\t\t\t\t<div class=\"author-card--description__shortened\">\n\t\t\t\t\t\t\t\t\tMarco Laruffa joined FTD Digital in 2023 and leads the growth and content strategy for LuckyHat.com. He is based in...\t\t\t\t\t\t\t\t<\/div>\n\t\t\t\t\t\t\t\t\t\t\t\t\t\t\n\t\t\t\t\t\t\t<div class=\"author-card--description__full\">\n\t\t\t\t\t\t\t\t<p>Marco Laruffa joined FTD Digital in 2023 and leads the growth and content strategy for LuckyHat.com. He is based in Ontario, Canada.<\/p>\n<p>Marco is a recent graduate from McMaster University with a degree in Mathematics and Statistics, and he has always been drawn to the world of numbers, probability, and strategic thinking. With a natural interest in casinos and sports betting, he enjoys breaking down odds, thinking about sports probabilistically, and explaining the math behind casino games.<\/p>\n<p>At LuckyHat, Marco applies his analytical background to help players approach gambling with clarity and insight. From detailed casino reviews to useful tools that help players understand risk and reward, he aims to make the gaming experience smarter, more transparent, and genuinely engaging for all players.<\/p>\n<p>He continues to stay actively engaged in the industry and learning from peers, attending the <a href=\"https:\/\/sbcevents.com\/canadian-gaming-summit\/\">SBC Canadian Gaming Summit<\/a> in 2024 and <a href=\"https:\/\/brightonseo.com\/\">BrightonSEO<\/a> in 2025.<\/p>\t\t\t\t\t\t\t<\/div>\n\n\t\t\t\t\t\t\t\t\t\t\t\t\t\t\t\t\t<button type=\"button\"\n\t\t\t\t\t\t\t\t\t\tclass=\"author-card--description__toggle\"\n\t\t\t\t\t\t\t\t\t\taria-expanded=\"false\"\n\t\t\t\t\t\t\t\t\t\taria-controls=\"author-desc-20\">\n\t\t\t\t\t\t\t\t\t\t<span>\n\t\t\t\t\t\t\t\t\t\t\tRead More\t\t\t\t\t\t\t\t\t\t<\/span>\n\t\t\t\t\t\t\t\t\t\t<svg width=\"13\" height=\"12\" viewBox=\"0 0 13 12\" fill=\"none\" xmlns=\"http:\/\/www.w3.org\/2000\/svg\">\n\t\t\t\t\t\t\t\t\t\t\t<path d=\"M7.75 0.75V5.75H12.75H13.5V7.25H12.75H7.75V12.25V13H6.25V12.25V7.25H1.25H0.5V5.75H1.25H6.25V0.75V0H7.75V0.75Z\" fill=\"#0B1E1C\"\/>\n\t\t\t\t\t\t\t\t\t\t<\/svg>\n\t\t\t\t\t\t\t\t\t<\/button>\n\t\t\t\t\t\t\t\t\t\t\t\t\t\t\t\t\t\n\t\t\t\t\t\t<\/div>\n\t\t\t\t\t\t\t\t\t<\/div>\n\t\t\t<\/div>\n\t\t\t\n\t\t\t\t\t\t<div class=\"author-card--footer\">\n\t\t\t\t\t<div class=\"author-card--socials\">\n\t\t\t\t\t\t\t\t\t\t\t\t\t<a href=\"http:\/\/www.linkedin.com\/in\/marco-laruffa-567a05295\" target=\"_blank\" rel=\"noopener\" aria-label=\"Marco Laruffa LinkedIn profile\" aria-describedby=\"linkedin-desc-20\">\n\t\t\t\t\t\t\t\t\t\t\t\t\t\t\t\t<span id=\"linkedin-desc-20\" class=\"sr-only\">Visit Marco Laruffa on LinkedIn<\/span>\n\t\t\t\t\t\t\t<\/a>\n\t\t\t\t\t\t\t\n\n\t\t\t\t\t\t\n\t\t\t\t\t\t\n\t\t\t\t\t\t\t\t\t\t\t<\/div>\n\t\t\t\t\n\t\t\t\t\t\t\t\t\t<div class=\"author-card--date\">\n\t\t\t\t\t\t<p>\n\t\t\t\t\t\t\tDerni\u00e8re mise \u00e0 jour: \t\t\t\t\t\t\t2nd avril 2026\t\t\t\t\t\t<\/p>\n\t\t\t\t\t<\/div>\n\t\t\t\t\n\t\t\t\t\t\n\t\t\t<\/div>\n\t\t\t\t\t<\/div>\n\t<\/div>\n\t","protected":false},"excerpt":{"rendered":"<p>Lorsque nous examinons des crypto-casinos en ligne, nous suivons un processus coh\u00e9rent et structur\u00e9 \u00e0 chaque fois. Chez LuckyHat, nous ne cachons pas la mani\u00e8re dont nous \u00e9valuons les casinos. Tout le processus est pr\u00e9sent\u00e9 ici, en toute transparence, afin que vous puissiez voir exactement comment chaque note est attribu\u00e9e. Nous prenons en compte sept &#8230; <a title=\"Comment nous \u00e9valuons les casinos crypto en ligne\" class=\"read-more\" href=\"https:\/\/luckyhat.com\/fr\/how-we-rate\/\" aria-label=\"En savoir plus sur Comment nous \u00e9valuons les casinos crypto en ligne\">Lire la suite<\/a><\/p>\n","protected":false},"author":20,"featured_media":0,"parent":0,"menu_order":0,"comment_status":"closed","ping_status":"closed","template":"","meta":{"_acf_changed":false,"inline_featured_image":false,"footnotes":""},"class_list":["post-6179","page","type-page","status-publish"],"acf":[],"_links":{"self":[{"href":"https:\/\/luckyhat.com\/fr\/wp-json\/wp\/v2\/pages\/6179","targetHints":{"allow":["GET"]}}],"collection":[{"href":"https:\/\/luckyhat.com\/fr\/wp-json\/wp\/v2\/pages"}],"about":[{"href":"https:\/\/luckyhat.com\/fr\/wp-json\/wp\/v2\/types\/page"}],"author":[{"embeddable":true,"href":"https:\/\/luckyhat.com\/fr\/wp-json\/wp\/v2\/users\/20"}],"replies":[{"embeddable":true,"href":"https:\/\/luckyhat.com\/fr\/wp-json\/wp\/v2\/comments?post=6179"}],"version-history":[{"count":3,"href":"https:\/\/luckyhat.com\/fr\/wp-json\/wp\/v2\/pages\/6179\/revisions"}],"predecessor-version":[{"id":6182,"href":"https:\/\/luckyhat.com\/fr\/wp-json\/wp\/v2\/pages\/6179\/revisions\/6182"}],"wp:attachment":[{"href":"https:\/\/luckyhat.com\/fr\/wp-json\/wp\/v2\/media?parent=6179"}],"curies":[{"name":"wp","href":"https:\/\/api.w.org\/{rel}","templated":true}]}}