{"id":4823,"date":"2024-10-03T03:47:57","date_gmt":"2024-10-03T08:47:57","guid":{"rendered":"https:\/\/luckyhat.com\/roulette-simulator\/"},"modified":"2026-04-02T08:42:13","modified_gmt":"2026-04-02T13:42:13","slug":"roulette-simulator","status":"publish","type":"page","link":"https:\/\/luckyhat.com\/fr\/roulette-simulator\/","title":{"rendered":"Simulateur de roulette"},"content":{"rendered":"\n<div class=\"RouletteCalculatorWrapper\" data-roulette-calculator-wrapper>\n\t<section class=\"RouletteCalculatorWrapper__section\">\n\t\t<div class=\"RouletteCalculatorWrapper__container\">\n\t\t\t\t<img decoding=\"async\" src=\"https:\/\/luckyhat.com\/wp-content\/plugins\/roulette-calculator\/includes\/..\/src\/images\/background-small-sections.png\" alt=\"\" loading=\"lazy\" class=\"RouletteCalculatorWrapper__background-image\">\n\t\t\t\t<div class=\"container px-0\"><nav aria-label=\"breadcrumbs\" class=\"rank-math-breadcrumb\"><p><a href=\"https:\/\/luckyhat.com\/fr\/\">Accueil<\/a><span class=\"separator\"> <svg width=\"13\" height=\"8\" viewBox=\"0 0 13 8\" fill=\"none\" xmlns=\"http:\/\/www.w3.org\/2000\/svg\"><path d=\"M8.45131 0H9.72331L12.4953 3.54L9.71131 7.08H8.45131L10.7313 4.212C10.7553 4.18 10.7793 4.148 10.8033 4.116C10.8353 4.084 10.8633 4.052 10.8873 4.02H0.015312V3.06H10.8873C10.8553 3.02 10.8233 2.98 10.7913 2.94C10.7593 2.9 10.7233 2.86 10.6833 2.82L8.45131 0Z\" fill=\"#112721\" \/><\/svg><\/span><span class=\"last\">Simulateur de roulette<\/span><script type=\"application\/ld+json\">\n\t\t\t{\n\t\t\t\t\"@context\": \"https:\/\/schema.org\",\n\t\t\t\t\"@type\": \"BreadcrumbList\",\n\t\t\t\t\"itemListElement\": [{\"@type\":\"ListItem\",\"position\":1,\"name\":\"Accueil\",\"item\":\"https:\\\/\\\/luckyhat.com\\\/fr\\\/\"},{\"@type\":\"ListItem\",\"position\":2,\"name\":\"Simulateur de roulette\"}]\n\t\t\t}\n\t\t<\/script><\/p><\/nav><\/div>\t\t\t\t<div class=\"RouletteCalculatorWrapper__introduction\">\n\t\t\t\t\t\t\t\t\t\t\t\t\t\t\t\t<h1 class=\"RouletteCalculatorWrapper__title\">Simulateur et Calculateur de Roulette<\/h1>\n\t\t\t\t\t\t\t\t\t\t\t\t\t\t\t\t\t\t\t\t<div class=\"RouletteCalculatorWrapper__description\">\n\t\t\t\t\t\t\t\t\t\t\t\t\t\t\t\t<div class=\"author-card--description__shortened\" id=\"author-desc-short\">Bienvenue sur notre Simulateur &amp; Calculateur de Roulette gratuit et interne ! Cet outil puissant vous permet...<\/div>\n\t\t\t\t\t\t\t\t<div class=\"author-card--description__full\"      id=\"author-desc-full\" ><p>Bienvenue sur notre Simulateur &amp; Calculateur de Roulette gratuit et interne ! Cet outil puissant vous permet d\u2019analyser les probabilit\u00e9s et la valeur esp\u00e9r\u00e9e de n\u2019importe quelle mise, de simuler des tours de roue, d\u2019estimer le gain ou la perte d\u2019une session, et m\u00eame de calculer votre probabilit\u00e9 de succ\u00e8s ou d\u2019\u00e9chec selon des crit\u00e8res que vous d\u00e9finissez.<\/p>\n<p style=\"text-align: left\">Notre outil de roulette est excellent pour l\u2019analyse, les simulations et la mise en perspective des attentes, mais il ne peut pas placer de mises r\u00e9elles \u00e0 votre place. Si vous d\u00e9cidez malgr\u00e9 tout de jouer \u00e0 la roulette avec de l\u2019argent r\u00e9el, voici nos trois casinos recommand\u00e9s pour une exp\u00e9rience de roulette de qualit\u00e9 :<\/p>\n<p style=\"text-align: left\">1) <a href=\"https:\/\/luckyhat.com\/jacks-club\">Jacks Club<\/a>\u00a0 \u00a02) <a href=\"https:\/\/luckyhat.com\/luckiest-casino\">Luckiest<\/a>\u00a0 \u00a03) <a href=\"https:\/\/luckyhat.com\/winz\">Winz.io<\/a><\/p>\n<\/div>\n\t\t\t\t\t\t\t\t<button type=\"button\" class=\"author-card--description__toggle\" aria-expanded=\"false\" aria-controls=\"author-desc-short author-desc-full\">\n\t\t\t\t\t\t\t\t\t<span>Read More<\/span>\n\t\t\t\t\t\t\t\t\t<svg width=\"13\" height=\"12\" viewBox=\"0 0 13 12\" fill=\"none\" xmlns=\"http:\/\/www.w3.org\/2000\/svg\">\n\t\t\t\t\t\t\t\t\t\t<path d=\"M7.75 0.75V5.75H12.75H13.5V7.25H12.75H7.75V12.25V13H6.25V12.25V7.25H1.25H0.5V5.75H1.25H6.25V0.75V0H7.75V0.75Z\" fill=\"#0B1E1C\"><\/path>\n\t\t\t\t\t\t\t\t\t<\/svg>\n\t\t\t\t\t\t\t\t<\/button>\n\t\t\t\t\t\t\t<\/div>\n\t\t\t\t\t\t\t\t\t\t<\/div>\n\t\t<\/div>\n\t<\/section>\n\t\n\t<section class=\"RouletteCalculatorWrapper__section calculator\">\n\t\t<div class=\"RouletteCalculatorWrapper__container\">\n\t\t\t<div data-roulette-calculator=\"https:\/\/luckyhat.com\/wp-content\/plugins\/roulette-calculator\/\"><\/div>\n\t\t<\/div>\n\t<\/section>\n\n\t<section class=\"RouletteCalculatorWrapper__section\">\n\t\t<div class=\"RouletteCalculatorWrapper__container\">\n\t\t\t\t\t\t\t<div class=\"RouletteCalculatorWrapper__content\"><h2>Comment utiliser notre simulateur de roulette<\/h2>\n<p>Suivez le guide \u00e9tape par \u00e9tape ci-dessous pour apprendre \u00e0 utiliser efficacement cet outil de roulette.<\/p>\n<p><span class=\"section-sticker\">\u00c9tape 1<\/span><\/p>\n<h3>S\u00e9lectionner le type de roulette<\/h3>\n<p>Choisissez l\u2019une de nos trois options :<\/p>\n<ul>\n<li><strong>Roulette europ\u00e9enne (un seul z\u00e9ro) :<\/strong> D\u2019un point de vue math\u00e9matique, c\u2019est le meilleur type de roulette existant.<\/li>\n<li><strong>Roulette am\u00e9ricaine (double z\u00e9ro) :<\/strong> Les casinos ont \u00e9t\u00e9 gourmands et ont ajout\u00e9 un second z\u00e9ro pour augmenter leur avantage.<\/li>\n<li><strong>Roulette \u00e0 triple z\u00e9ro :<\/strong> Ne jouez pas \u00e0 celle-ci avec de l\u2019argent r\u00e9el. Comme l\u2019outil vous le montrera, l\u2019avantage de la maison est tout simplement diabolique.<\/li>\n<\/ul>\n<hr \/>\n<p><span class=\"section-sticker\">\u00c9tape 2<\/span><\/p>\n<h3>D\u00e9finir votre strat\u00e9gie<\/h3>\n<p>Placez des jetons sur le tapis comme bon vous semble. Vraiment : notre outil peut g\u00e9rer aussi bien un seul jeton sur le rouge qu\u2019une strat\u00e9gie de mise extr\u00eamement complexe.<\/p>\n<p>Voici tous les types de mises disponibles :<\/p>\n<ul>\n<li>Rouge ou Noir<\/li>\n<li>Pair ou Impair<\/li>\n<li>1 \u00e0 18 ou 19 \u00e0 36<\/li>\n<li>1re douzaine, 2e douzaine ou 3e douzaine<\/li>\n<li>Mises sur un num\u00e9ro simple<\/li>\n<li>Mises \u00e0 cheval (split)<\/li>\n<li>Mises sur les colonnes<\/li>\n<li>Mises en coin<\/li>\n<li>Mises en rue (street)<\/li>\n<\/ul>\n<hr \/>\n<p><span class=\"section-sticker\">\u00c9tape 3<\/span><\/p>\n<h3>Choisir votre option de jeu<\/h3>\n<p>Il existe six options de jeu diff\u00e9rentes. Nous les d\u00e9taillons ci-dessous afin que vous sachiez exactement \u00e0 quoi elles correspondent.<\/p>\n<h4><strong>1.<\/strong> Mise unique<\/h4>\n<p>Choisissez cette option si vous voulez les math\u00e9matiques brutes, sans d\u00e9tour.<\/p>\n<ul>\n<li>Le calculateur affiche vos chances exactes de gain et de perte sur un seul tour de roulette, ainsi que la valeur esp\u00e9r\u00e9e de votre mise.<\/li>\n<li>Rappel : les tours de roulette sont ind\u00e9pendants. La roue n\u2019a aucune m\u00e9moire, aucune rancune et aucun sens de l\u2019\u00e9quit\u00e9.<\/li>\n<\/ul>\n<h4><strong>2.<\/strong> Simulation<\/h4>\n<p>Si vous pr\u00e9f\u00e9rez voir la roulette en action, c\u2019est l\u2019option la plus ludique.<\/p>\n<ul>\n<li>Cliquez sur le bouton \u00ab Spin \u00bb et l\u2019outil s\u00e9lectionnera un num\u00e9ro totalement au hasard, exactement comme une vraie roue.<\/li>\n<li>Il suit vos gains ou pertes et enregistre les tours pr\u00e9c\u00e9dents, alors n\u2019h\u00e9sitez pas \u00e0 cliquer encore et encore sur \u00ab Spin \u00bb et \u00e0 laisser les math\u00e9matiques \u00e0 long terme faire leur travail.<\/li>\n<\/ul>\n<h4><strong>3.<\/strong> Casino terrestre (30 mises par heure)<\/h4>\n<p>Vous pr\u00e9voyez de jouer \u00e0 la roulette dans un vrai casino physique ?<\/p>\n<ul>\n<li>Entre l\u2019attente de la roue, les h\u00e9sitations des autres joueurs et le fait de faire semblant de s\u2019amuser poliment, nous estimons que vous placerez environ 30 mises par heure.<\/li>\n<li>Choisissez la dur\u00e9e de votre session (1 \u00e0 4 heures) et l\u2019outil estimera combien vous \u00eates cens\u00e9 perdre, ainsi que vos chances r\u00e9elles de repartir avec un profit.<\/li>\n<\/ul>\n<h4><strong>4.<\/strong> En ligne avec croupier (110 mises par heure)<\/h4>\n<p>Pas d\u2019attente pour une place et pas d\u2019ambiance g\u00eanante autour de la table : le rythme est donc bien plus rapide.<\/p>\n<ul>\n<li>Cette option couvre la roulette en ligne avec croupier en direct.<\/li>\n<li>Avec environ 110 mises par heure, les math\u00e9matiques vous rattrapent plus vite. S\u00e9lectionnez la dur\u00e9e de votre session et nous afficherons votre perte attendue ainsi que la probabilit\u00e9 de terminer en positif.<\/li>\n<\/ul>\n<h4><strong>5.<\/strong> En ligne sans croupier (220 mises par heure)<\/h4>\n<p>Ici, tout est automatis\u00e9. Pas de croupier. Pas de bavardage. Aucune piti\u00e9.<\/p>\n<ul>\n<li>Nous l\u2019avons test\u00e9 nous-m\u00eames, et c\u2019est vrai : vous pouvez placer environ 220 mises par heure.<\/li>\n<li>Choisissez la dur\u00e9e de jeu, et l\u2019outil calculera votre perte attendue ainsi que vos chances de r\u00e9aliser un profit avant que les math\u00e9matiques ne viennent in\u00e9vitablement vous rappeler \u00e0 l\u2019ordre.<\/li>\n<\/ul>\n<h4><strong>6.<\/strong> Objectif &amp; Stop Loss<\/h4>\n<p>Cette option s\u2019adresse \u00e0 ceux qui aiment les r\u00e8gles. Ou, au moins, qui aimeraient les respecter.<\/p>\n<p>Vous d\u00e9finissez trois montants :<\/p>\n<ul>\n<li><strong>Capital de d\u00e9part :<\/strong> Le montant avec lequel vous commencez.<\/li>\n<li><strong>Capital cible<\/strong> <strong>:<\/strong> Votre objectif. Atteignez ce montant et vous arr\u00eatez de jouer, vous f\u00e9licitez, et s\u00e9curisez votre gain.<\/li>\n<li><strong>Stop Loss<\/strong> <strong>:<\/strong> Votre limite de perte. Si votre capital descend \u00e0 ce niveau, vous arr\u00eatez avant que la situation ne d\u00e9g\u00e9n\u00e8re.<\/li>\n<\/ul>\n<p>Une fois ces param\u00e8tres d\u00e9finis, le calculateur estime la probabilit\u00e9 de succ\u00e8s (atteindre votre capital cible) par rapport \u00e0 la probabilit\u00e9 d\u2019\u00e9chec (atteindre le stop loss en premier), tout en rejouant votre strat\u00e9gie de mise choisie.<\/p>\n<hr \/>\n<p><strong>Vous pensez que votre strat\u00e9gie peut battre la roue ? Consultez notre liste des <span style=\"color: #0000ff\"><a style=\"color: #0000ff\" href=\"https:\/\/luckyhat.com\/fr\/roulette-casinos\/\">meilleurs casinos crypto pour jouer \u00e0 la roulette.<\/a><\/span><\/strong><\/p>\n<\/div>\n\t\t\t\t\t<\/div>\n\t<\/section>\n\n<\/div>\n\n\n<style>.container, .grid-container {\nmax-width: 100%!important;\n}\n.RouletteCalculatorWrapper__content ul, .RouletteCalculatorWrapper__content ol {\nmargin: 0 !important;\n}\n.RouletteCalculatorWrapper__content p:last-child {\nmargin-bottom: 0!important;\n}\n.RouletteCalculatorWrapper__content li {\nmargin-bottom: 8px!important;\n}\n.ActionButtons {\nposition: sticky!important;\n    bottom: 30px;\n    z-index: 9999;\n}\n.ActionButtons .ActionButtons__button:first-child{\nmargin-right: -1px!important;\n}\n@media screen and (max-width: 567px){\n.RouletteBase__canvas,\n.RouletteCalculatorWrapper__container {\npadding-left: 0!important;\npadding-right: 0!important;\n}\n.RouletteCalculatorWrapper__title, .RouletteCalculatorWrapper__description {\npadding-left: 15px;\npadding-right: 15px;\n}\n}\n<\/style>\n\n<p><\/p>\n","protected":false},"excerpt":{"rendered":"","protected":false},"author":29,"featured_media":0,"parent":0,"menu_order":0,"comment_status":"closed","ping_status":"closed","template":"page-without-gambling-related-stuff.php","meta":{"_acf_changed":false,"inline_featured_image":false,"footnotes":""},"class_list":["post-4823","page","type-page","status-publish"],"acf":[],"_links":{"self":[{"href":"https:\/\/luckyhat.com\/fr\/wp-json\/wp\/v2\/pages\/4823","targetHints":{"allow":["GET"]}}],"collection":[{"href":"https:\/\/luckyhat.com\/fr\/wp-json\/wp\/v2\/pages"}],"about":[{"href":"https:\/\/luckyhat.com\/fr\/wp-json\/wp\/v2\/types\/page"}],"author":[{"embeddable":true,"href":"https:\/\/luckyhat.com\/fr\/wp-json\/wp\/v2\/users\/29"}],"replies":[{"embeddable":true,"href":"https:\/\/luckyhat.com\/fr\/wp-json\/wp\/v2\/comments?post=4823"}],"version-history":[{"count":6,"href":"https:\/\/luckyhat.com\/fr\/wp-json\/wp\/v2\/pages\/4823\/revisions"}],"predecessor-version":[{"id":5888,"href":"https:\/\/luckyhat.com\/fr\/wp-json\/wp\/v2\/pages\/4823\/revisions\/5888"}],"wp:attachment":[{"href":"https:\/\/luckyhat.com\/fr\/wp-json\/wp\/v2\/media?parent=4823"}],"curies":[{"name":"wp","href":"https:\/\/api.w.org\/{rel}","templated":true}]}}