{"id":11362,"date":"2026-03-21T10:57:13","date_gmt":"2026-03-21T15:57:13","guid":{"rendered":"https:\/\/luckyhat.com\/ai-usage-disclosure\/"},"modified":"2026-04-15T09:14:40","modified_gmt":"2026-04-15T14:14:40","slug":"ai-editorial-policy","status":"publish","type":"page","link":"https:\/\/luckyhat.com\/fr\/ai-editorial-policy\/","title":{"rendered":"Divulgation de l\u2019utilisation de l\u2019IA"},"content":{"rendered":"\n<p>L\u2019objectif de LuckyHat a toujours \u00e9t\u00e9 d\u2019apporter clart\u00e9 et simplicit\u00e9 d\u2019utilisation dans le monde en constante \u00e9volution des jeux d\u2019argent en cryptomonnaies. Afin de fournir \u00e0 nos lecteurs des avis en temps r\u00e9el, des calculateurs pr\u00e9cis et des guides d\u00e9taill\u00e9s, nous utilisons des outils techniques avanc\u00e9s.<\/p>\n\n\n\n<p>Afin de maintenir un haut niveau de confiance, nous utilisons l\u2019IA comme un outil d\u2019assistance dans le cadre d\u2019un processus \u00e9ditorial strictement dirig\u00e9 par des humains, o\u00f9 chaque contenu est soigneusement examin\u00e9 et v\u00e9rifi\u00e9 avant publication.<\/p>\n\n\n<h2 class=\"wp-block-heading\" id=\"comment-nous-utilisons-lia\">Comment nous utilisons l\u2019IA<\/h2>\n\n\n<p>Chez LuckyHat, l\u2019IA agit comme un assistant sophistiqu\u00e9 au sein d\u2019un flux de travail centr\u00e9 sur l\u2019humain. Son r\u00f4le est d\u2019aider \u00e0 organiser les donn\u00e9es et \u00e0 augmenter notre capacit\u00e9 de production. Elle n\u2019est pas utilis\u00e9e comme substitut \u00e0 une recherche approfondie ou \u00e0 l\u2019expertise humaine.<\/p>\n\n\n<h3 class=\"wp-block-heading\" id=\"1-avis-sur-les-casinos-crypto\">1. Avis sur les casinos crypto<\/h3>\n\n\n<p>Tous les avis sur les casinos commencent par une recherche pratique r\u00e9alis\u00e9e par des humains. Notre \u00e9quipe s\u2019inscrit sur les plateformes, teste les jeux, \u00e9value les d\u00e9p\u00f4ts et retraits, et examine directement les conditions des bonus.<br><br>Une fois cette recherche termin\u00e9e :<\/p>\n\n\n\n<ul class=\"wp-block-list\">\n<li>L\u2019IA peut \u00eatre utilis\u00e9e pour aider \u00e0 organiser les r\u00e9sultats et g\u00e9n\u00e9rer un brouillon structur\u00e9<\/li>\n\n\n\n<li>Un r\u00e9dacteur humain examine, modifie et affine enti\u00e8rement le brouillon afin de garantir l\u2019exactitude, la clart\u00e9 et la conformit\u00e9 \u00e0 nos standards<\/li>\n\n\n\n<li>Un second relecteur humain v\u00e9rifie ind\u00e9pendamment les informations cl\u00e9s avant publication<\/li>\n<\/ul>\n\n\n\n<p>Pour une explication compl\u00e8te de notre m\u00e9thodologie d\u2019\u00e9valuation, consultez notre page \u00ab <a href=\"https:\/\/luckyhat.com\/fr\/how-we-rate\/\">Comment nous \u00e9valuons les casinos crypto en ligne<\/a> \u00bb.<\/p>\n\n\n<h3 class=\"wp-block-heading\" id=\"2-mise-a-lechelle-et-formatage-du-contenu\">2. Mise \u00e0 l\u2019\u00e9chelle et formatage du contenu<\/h3>\n\n\n<p>L\u2019IA est utilis\u00e9e pour assister dans des t\u00e2ches \u00e9ditoriales r\u00e9p\u00e9titives telles que :<\/p>\n\n\n\n<ul class=\"wp-block-list\">\n<li>Structurer des contenus longs<\/li>\n\n\n\n<li>Mettre en forme les donn\u00e9es des casinos et les conditions des bonus<\/li>\n\n\n\n<li>Am\u00e9liorer la lisibilit\u00e9 et la coh\u00e9rence entre les pages<\/li>\n<\/ul>\n\n\n\n<p>Cela permet \u00e0 notre \u00e9quipe de consacrer davantage de temps aux tests, \u00e0 la v\u00e9rification et \u00e0 l\u2019analyse.<\/p>\n\n\n<h3 class=\"wp-block-heading\" id=\"3-traductions\">3. Traductions<\/h3>\n\n\n<p>Afin de servir notre communaut\u00e9 internationale, nous utilisons des outils de traduction aliment\u00e9s par l\u2019IA. Tout contenu traduit est examin\u00e9 et ajust\u00e9 si n\u00e9cessaire afin de garantir l\u2019exactitude, la clart\u00e9 et la pertinence culturelle.<\/p>\n\n\n<h2 class=\"wp-block-heading\" id=\"notre-politique\">Notre politique<\/h2>\n\n\n<p>Bien que l\u2019IA nous aide \u00e0 d\u00e9velopper nos activit\u00e9s, LuckyHat ne publie pas de contenu brut g\u00e9n\u00e9r\u00e9 par l\u2019IA sans intervention humaine. Chaque avis de casino, guide strat\u00e9gique et article d\u2019actualit\u00e9 est soumis \u00e0 une supervision humaine stricte :<\/p>\n\n\n\n<ul class=\"wp-block-list\">\n<li><strong>Planification du contenu dirig\u00e9e par l\u2019humain<\/strong> : Des personnes r\u00e9elles d\u00e9cident des sujets \u00e0 traiter et des angles les plus pertinents pour nos lecteurs.<\/li>\n\n\n\n<li><strong>R\u00e9vision humaine<\/strong> : Chaque phrase assist\u00e9e par l\u2019IA est v\u00e9rifi\u00e9e manuellement, r\u00e9\u00e9crite si n\u00e9cessaire et valid\u00e9e.<\/li>\n\n\n\n<li><strong>Validation humaine<\/strong> : Un r\u00e9dacteur en chef humain assume la responsabilit\u00e9 finale de chaque contenu.<\/li>\n<\/ul>\n\n\n\n<p>Pour en savoir plus sur nos standards \u00e9ditoriaux et notre processus de supervision, consultez notre page \u00ab <a href=\"https:\/\/luckyhat.com\/fr\/content-integrity\/\">Int\u00e9grit\u00e9 du contenu<\/a> \u00bb.<\/p>\n\n\n<h2 class=\"wp-block-heading\" id=\"verification-et-integrite-ethique\">V\u00e9rification et int\u00e9grit\u00e9 \u00e9thique<\/h2>\n\n\n<p>\u00c9tant donn\u00e9 que le march\u00e9 des cryptomonnaies \u00e9volue rapidement, l\u2019exactitude est non n\u00e9gociable. Nous r\u00e9duisons les risques d\u2019\u00ab hallucinations de l\u2019IA \u00bb ou de donn\u00e9es obsol\u00e8tes gr\u00e2ce \u00e0 un protocole de v\u00e9rification strict :<\/p>\n\n\n\n<ul class=\"wp-block-list\">\n<li><strong>Audits manuels<\/strong> : Nous ne permettons jamais \u00e0 l\u2019IA de rechercher les conditions des bonus, les exigences de mise ou les cryptomonnaies prises en charge. Ces \u00e9l\u00e9ments sont toujours v\u00e9rifi\u00e9s par un auteur humain.<\/li>\n\n\n\n<li><strong>Contr\u00f4les de s\u00e9curit\u00e9<\/strong> : Des \u00e9l\u00e9ments tels que le statut de licence et les certifications \u00ab Provably Fair \u00bb sont confirm\u00e9s par des chercheurs humains, et non par l\u2019IA.<\/li>\n\n\n\n<li><strong>Ind\u00e9pendance totale<\/strong> : Les outils d\u2019IA n\u2019influencent jamais nos classements ni nos positions \u00e9ditoriales. Nos \u00e9valuations restent objectives et bas\u00e9es uniquement sur les performances.<\/li>\n<\/ul>\n\n\n<h2 class=\"wp-block-heading\" id=\"jeu-responsable-et-securite-financiere\">Jeu responsable et s\u00e9curit\u00e9 financi\u00e8re<\/h2>\n\n\n<p>Ind\u00e9pendamment de la mani\u00e8re dont le contenu est cr\u00e9\u00e9, tout ce qui est publi\u00e9 sur LuckyHat est destin\u00e9 uniquement \u00e0 des fins \u00e9ducatives, informatives et de divertissement.<br><br>Aucun contenu ne doit \u00eatre consid\u00e9r\u00e9 comme un conseil juridique ou financier. Les cryptomonnaies sont intrins\u00e8quement volatiles, et les jeux d\u2019argent comportent un risque de perte totale. Nous encourageons vivement tous les lecteurs \u00e0 jouer de mani\u00e8re responsable, \u00e0 utiliser des outils d\u2019auto-exclusion lorsque n\u00e9cessaire et \u00e0 respecter les lois en vigueur dans leur juridiction. Consultez notre page \u00ab <a href=\"https:\/\/luckyhat.com\/fr\/responsible-gambling\/\">Jeu responsable<\/a> \u00bb pour en savoir plus.<\/p>\n\n\n\n<hr class=\"wp-block-separator has-alpha-channel-opacity\"\/>\n\n\n\n<p><em><strong>Avertissement <\/strong><\/em>: Participer \u00e0 des jeux d\u2019argent en cryptomonnaies comporte des risques importants. Les informations fournies sur LuckyHat sont strictement destin\u00e9es \u00e0 des fins de divertissement et d\u2019\u00e9ducation ; elles ne constituent en aucun cas un conseil juridique ou financier. Ne misez jamais plus que ce que vous pouvez vous permettre de perdre. LuckyHat peut percevoir des commissions d\u2019affiliation lorsque vous acc\u00e9dez \u00e0 des op\u00e9rateurs via nos liens, sans co\u00fbt suppl\u00e9mentaire pour vous. Toutes les recommandations r\u00e9sultent d\u2019un processus d\u2019\u00e9valuation complet, men\u00e9 par des humains.<\/p>\n","protected":false},"excerpt":{"rendered":"<p>L\u2019objectif de LuckyHat a toujours \u00e9t\u00e9 d\u2019apporter clart\u00e9 et simplicit\u00e9 d\u2019utilisation dans le monde en constante \u00e9volution des jeux d\u2019argent en cryptomonnaies. Afin de fournir \u00e0 nos lecteurs des avis en temps r\u00e9el, des calculateurs pr\u00e9cis et des guides d\u00e9taill\u00e9s, nous utilisons des outils techniques avanc\u00e9s. Afin de maintenir un haut niveau de confiance, nous &#8230; <a title=\"Divulgation de l\u2019utilisation de l\u2019IA\" class=\"read-more\" href=\"https:\/\/luckyhat.com\/fr\/ai-editorial-policy\/\" aria-label=\"En savoir plus sur Divulgation de l\u2019utilisation de l\u2019IA\">Lire la suite<\/a><\/p>\n","protected":false},"author":20,"featured_media":0,"parent":0,"menu_order":0,"comment_status":"closed","ping_status":"closed","template":"","meta":{"_acf_changed":false,"inline_featured_image":false,"footnotes":""},"class_list":["post-11362","page","type-page","status-publish"],"acf":[],"_links":{"self":[{"href":"https:\/\/luckyhat.com\/fr\/wp-json\/wp\/v2\/pages\/11362","targetHints":{"allow":["GET"]}}],"collection":[{"href":"https:\/\/luckyhat.com\/fr\/wp-json\/wp\/v2\/pages"}],"about":[{"href":"https:\/\/luckyhat.com\/fr\/wp-json\/wp\/v2\/types\/page"}],"author":[{"embeddable":true,"href":"https:\/\/luckyhat.com\/fr\/wp-json\/wp\/v2\/users\/20"}],"replies":[{"embeddable":true,"href":"https:\/\/luckyhat.com\/fr\/wp-json\/wp\/v2\/comments?post=11362"}],"version-history":[{"count":3,"href":"https:\/\/luckyhat.com\/fr\/wp-json\/wp\/v2\/pages\/11362\/revisions"}],"predecessor-version":[{"id":11383,"href":"https:\/\/luckyhat.com\/fr\/wp-json\/wp\/v2\/pages\/11362\/revisions\/11383"}],"wp:attachment":[{"href":"https:\/\/luckyhat.com\/fr\/wp-json\/wp\/v2\/media?parent=11362"}],"curies":[{"name":"wp","href":"https:\/\/api.w.org\/{rel}","templated":true}]}}