{"id":4830,"date":"2024-10-03T03:47:57","date_gmt":"2024-10-03T08:47:57","guid":{"rendered":"https:\/\/luckyhat.com\/roulette-simulator\/"},"modified":"2026-04-15T09:19:56","modified_gmt":"2026-04-15T14:19:56","slug":"roulette-simulator","status":"publish","type":"page","link":"https:\/\/luckyhat.com\/es\/roulette-simulator\/","title":{"rendered":"Simulador de Ruleta"},"content":{"rendered":"\n<div class=\"RouletteCalculatorWrapper\" data-roulette-calculator-wrapper>\n\t<section class=\"RouletteCalculatorWrapper__section\">\n\t\t<div class=\"RouletteCalculatorWrapper__container\">\n\t\t\t\t<img decoding=\"async\" src=\"https:\/\/luckyhat.com\/wp-content\/plugins\/roulette-calculator\/includes\/..\/src\/images\/background-small-sections.png\" alt=\"\" loading=\"lazy\" class=\"RouletteCalculatorWrapper__background-image\">\n\t\t\t\t<div class=\"container px-0\"><nav aria-label=\"breadcrumbs\" class=\"rank-math-breadcrumb\"><p><a href=\"https:\/\/luckyhat.com\/es\/\">Inicio<\/a><span class=\"separator\"> <svg width=\"13\" height=\"8\" viewBox=\"0 0 13 8\" fill=\"none\" xmlns=\"http:\/\/www.w3.org\/2000\/svg\"><path d=\"M8.45131 0H9.72331L12.4953 3.54L9.71131 7.08H8.45131L10.7313 4.212C10.7553 4.18 10.7793 4.148 10.8033 4.116C10.8353 4.084 10.8633 4.052 10.8873 4.02H0.015312V3.06H10.8873C10.8553 3.02 10.8233 2.98 10.7913 2.94C10.7593 2.9 10.7233 2.86 10.6833 2.82L8.45131 0Z\" fill=\"#112721\" \/><\/svg><\/span><span class=\"last\">Simulador de Ruleta<\/span><script type=\"application\/ld+json\">\n\t\t\t{\n\t\t\t\t\"@context\": \"https:\/\/schema.org\",\n\t\t\t\t\"@type\": \"BreadcrumbList\",\n\t\t\t\t\"itemListElement\": [{\"@type\":\"ListItem\",\"position\":1,\"name\":\"Inicio\",\"item\":\"https:\\\/\\\/luckyhat.com\\\/es\\\/\"},{\"@type\":\"ListItem\",\"position\":2,\"name\":\"Simulador de Ruleta\"}]\n\t\t\t}\n\t\t<\/script><\/p><\/nav><\/div>\t\t\t\t<div class=\"RouletteCalculatorWrapper__introduction\">\n\t\t\t\t\t\t\t\t\t\t\t\t\t\t\t\t<h1 class=\"RouletteCalculatorWrapper__title\">Simulador y Calculadora de Ruleta<\/h1>\n\t\t\t\t\t\t\t\t\t\t\t\t\t\t\t\t\t\t\t\t<div class=\"RouletteCalculatorWrapper__description\">\n\t\t\t\t\t\t\t\t\t\t\t\t\t\t\t\t<div class=\"author-card--description__shortened\" id=\"author-desc-short\">Bienvenido a nuestro Simulador y Calculadora de Ruleta gratuito y desarrollado internamente. Esta potente herramienta te permite...<\/div>\n\t\t\t\t\t\t\t\t<div class=\"author-card--description__full\"      id=\"author-desc-full\" ><p>Bienvenido a nuestro Simulador y Calculadora de Ruleta gratuito y desarrollado internamente. Esta potente herramienta te permite analizar probabilidades y valor esperado para cualquier apuesta, simular tiradas, estimar la ganancia o p\u00e9rdida de una sesi\u00f3n e incluso calcular tu probabilidad de \u00e9xito o fracaso seg\u00fan los criterios que t\u00fa definas.<\/p>\n<p style=\"text-align: left\">Nuestro simulador de ruleta es excelente para el an\u00e1lisis, las simulaciones y para establecer expectativas realistas, pero no puede realizar apuestas reales por ti. Si decides jugar a la ruleta con dinero real, estos son nuestros tres casinos recomendados para disfrutar de una buena experiencia de ruleta:<\/p>\n<p style=\"text-align: left\">1) <a href=\"https:\/\/luckyhat.com\/jacks-club\">Jacks Club<\/a>\u00a0 \u00a02) <a href=\"https:\/\/luckyhat.com\/luckiest-casino\">Luckiest<\/a>\u00a0 \u00a03) <a href=\"https:\/\/luckyhat.com\/winz\">Winz.io<\/a><\/p>\n<\/div>\n\t\t\t\t\t\t\t\t<button type=\"button\" class=\"author-card--description__toggle\" aria-expanded=\"false\" aria-controls=\"author-desc-short author-desc-full\">\n\t\t\t\t\t\t\t\t\t<span>Read More<\/span>\n\t\t\t\t\t\t\t\t\t<svg width=\"13\" height=\"12\" viewBox=\"0 0 13 12\" fill=\"none\" xmlns=\"http:\/\/www.w3.org\/2000\/svg\">\n\t\t\t\t\t\t\t\t\t\t<path d=\"M7.75 0.75V5.75H12.75H13.5V7.25H12.75H7.75V12.25V13H6.25V12.25V7.25H1.25H0.5V5.75H1.25H6.25V0.75V0H7.75V0.75Z\" fill=\"#0B1E1C\"><\/path>\n\t\t\t\t\t\t\t\t\t<\/svg>\n\t\t\t\t\t\t\t\t<\/button>\n\t\t\t\t\t\t\t<\/div>\n\t\t\t\t\t\t\t\t\t\t<\/div>\n\t\t<\/div>\n\t<\/section>\n\t\n\t<section class=\"RouletteCalculatorWrapper__section calculator\">\n\t\t<div class=\"RouletteCalculatorWrapper__container\">\n\t\t\t<div data-roulette-calculator=\"https:\/\/luckyhat.com\/wp-content\/plugins\/roulette-calculator\/\"><\/div>\n\t\t<\/div>\n\t<\/section>\n\n\t<section class=\"RouletteCalculatorWrapper__section\">\n\t\t<div class=\"RouletteCalculatorWrapper__container\">\n\t\t\t\t\t\t\t<div class=\"RouletteCalculatorWrapper__content\"><h2>C\u00f3mo usar nuestro simulador de ruleta<\/h2>\n<p>Sigue la gu\u00eda paso a paso a continuaci\u00f3n para aprender a utilizar esta herramienta de forma eficaz.<\/p>\n<p><span class=\"section-sticker\">Paso 1<\/span><\/p>\n<h3>Selecciona el tipo de ruleta<\/h3>\n<p>Elige una de las tres opciones disponibles:<\/p>\n<ul>\n<li><strong>Ruleta Europea (un solo cero):<\/strong> Matem\u00e1ticamente, es el mejor tipo de ruleta que existe.<\/li>\n<li><strong>Ruleta Americana (doble cero):<\/strong> Los casinos se volvieron ambiciosos y a\u00f1adieron un segundo cero para aumentar su ventaja.<\/li>\n<li><strong>Ruleta de Triple Cero:<\/strong> No juegues a esta con dinero real. Como te mostrar\u00e1 la herramienta, la ventaja de la casa es diab\u00f3lica.<\/li>\n<\/ul>\n<hr \/>\n<p><span class=\"section-sticker\">Paso 2<\/span><\/p>\n<h3>Define tu estrategia<\/h3>\n<p>Coloca las fichas en el tapete como quieras. En serio: nuestra herramienta puede con todo, desde una sola ficha al Rojo hasta una estrategia de apuestas digna de un cerebro gal\u00e1ctico.<\/p>\n<p>Estos son todos los tipos de apuestas disponibles:<\/p>\n<ul>\n<li>Rojo o Negro<\/li>\n<li>Par o Impar<\/li>\n<li>1 a 18 o 19 a 36<\/li>\n<li>1.\u00aa docena, 2.\u00aa docena o 3.\u00aa docena<\/li>\n<li>Apuestas a un solo n\u00famero<\/li>\n<li>Apuestas divididas (split)<\/li>\n<li>Apuestas a columna<\/li>\n<li>Apuestas de esquina<\/li>\n<li>Apuestas de calle<\/li>\n<\/ul>\n<hr \/>\n<p><span class=\"section-sticker\">Paso 3<\/span><\/p>\n<h3>Elige una opci\u00f3n de juego<\/h3>\n<p>Hay seis opciones de juego diferentes. A continuaci\u00f3n te explicamos cada una para que sepas exactamente c\u00f3mo funciona.<\/p>\n<h4><strong>1.<\/strong> Apuesta \u00fanica<\/h4>\n<p>Elige esta opci\u00f3n si quieres las matem\u00e1ticas fr\u00edas y directas.<\/p>\n<ul>\n<li>La calculadora muestra tus probabilidades exactas de ganar y perder en una sola tirada, adem\u00e1s del valor esperado de tu apuesta.<\/li>\n<li>Recordatorio: las tiradas de ruleta son independientes. \u00a1La rueda no tiene memoria, ni rencores, ni sentido de la justicia!<\/li>\n<\/ul>\n<h4><strong>2.<\/strong> Simulaci\u00f3n<\/h4>\n<p>Si prefieres ver la ruleta en acci\u00f3n, esta es la opci\u00f3n divertida.<\/p>\n<ul>\n<li>Haz clic en el bot\u00f3n \u201cGirar\u201d y la herramienta seleccionar\u00e1 un n\u00famero completamente al azar, igual que una rueda real.<\/li>\n<li>Registra tus ganancias o p\u00e9rdidas y guarda el historial de tiradas, as\u00ed que puedes pulsar \u201cGirar\u201d sin parar y ver c\u00f3mo las matem\u00e1ticas a largo plazo hacen su trabajo.<\/li>\n<\/ul>\n<h4><strong>3.<\/strong> Casino f\u00edsico en vivo (30 apuestas por hora)<\/h4>\n<p>\u00bfPlaneas jugar a la ruleta en un casino real, de los de toda la vida?<\/p>\n<ul>\n<li>Entre esperar a que gire la rueda, ver c\u00f3mo otras personas dudan y fingir educadamente que te lo est\u00e1s pasando genial, estimamos que har\u00e1s unas 30 apuestas por hora.<\/li>\n<li>Elige cu\u00e1nto tiempo piensas jugar (1\u20134 horas) y la herramienta estimar\u00e1 cu\u00e1nto se espera que pierdas, junto con tus probabilidades reales de salir con beneficios.<\/li>\n<\/ul>\n<h4><strong>4.<\/strong> Online con crupier (110 apuestas por hora)<\/h4>\n<p>Sin esperas para sentarte y sin el ambiente inc\u00f3modo de la mesa, as\u00ed que el ritmo es mucho m\u00e1s r\u00e1pido.<\/p>\n<ul>\n<li>Esta opci\u00f3n cubre la ruleta online con crupier en vivo.<\/li>\n<li>Con unas 110 apuestas por hora, las matem\u00e1ticas alcanzan antes. Selecciona la duraci\u00f3n de tu sesi\u00f3n y te mostraremos la p\u00e9rdida esperada y la probabilidad de terminar en positivo.<\/li>\n<\/ul>\n<h4><strong>5.<\/strong> Online sin crupier (220 apuestas por hora)<\/h4>\n<p>Ruleta totalmente automatizada. Sin crupier. Sin charla. Sin piedad.<\/p>\n<ul>\n<li>Lo probamos en primera persona, y es cierto: puedes hacer alrededor de 220 apuestas por hora.<\/li>\n<li>Elige cu\u00e1nto tiempo vas a jugar y la herramienta calcular\u00e1 tu p\u00e9rdida esperada, junto con la probabilidad de obtener beneficios antes de que las matem\u00e1ticas inevitablemente te toquen el hombro.<\/li>\n<\/ul>\n<h4><strong>6.<\/strong> Objetivo y Stop Loss<\/h4>\n<p>Esta opci\u00f3n es para quienes gustan de las reglas. O al menos para quienes desear\u00edan seguirlas.<\/p>\n<p>Aqu\u00ed defines tres cifras:<\/p>\n<ul>\n<li><em><strong>Banca inicial:<\/strong><\/em> El dinero con el que empiezas.<\/li>\n<li><em><strong>Banca objetivo:<\/strong><\/em> Tu meta. Al alcanzarla, dejas de jugar, te felicitas y aseguras la ganancia.<\/li>\n<li><em><strong>Stop Loss:<\/strong><\/em> Tu l\u00edmite de p\u00e9rdidas. Si tu banca cae hasta este nivel, paras antes de que la cosa se complique.<\/li>\n<\/ul>\n<p>Una vez configurado todo, la calculadora estima la probabilidad de \u00e9xito (alcanzar tu banca objetivo) frente a la de fracaso (llegar antes al stop loss), mientras repites tu estrategia de apuestas seleccionada.<\/p>\n<hr \/>\n<p><strong>\u00bfCrees que tu estrategia puede vencer a la ruleta? Echa un vistazo a nuestra lista de <span style=\"color: #0000ff\"><a style=\"color: #0000ff\" href=\"https:\/\/luckyhat.com\/es\/roulette-casinos\/\">los mejores casinos cripto para jugar a la ruleta.<\/a><\/span><\/strong><\/p>\n<\/div>\n\t\t\t\t\t<\/div>\n\t<\/section>\n\n<\/div>\n\n","protected":false},"excerpt":{"rendered":"","protected":false},"author":29,"featured_media":0,"parent":0,"menu_order":0,"comment_status":"closed","ping_status":"closed","template":"page-without-gambling-related-stuff.php","meta":{"_acf_changed":false,"inline_featured_image":false,"footnotes":""},"class_list":["post-4830","page","type-page","status-publish"],"acf":[],"_links":{"self":[{"href":"https:\/\/luckyhat.com\/es\/wp-json\/wp\/v2\/pages\/4830","targetHints":{"allow":["GET"]}}],"collection":[{"href":"https:\/\/luckyhat.com\/es\/wp-json\/wp\/v2\/pages"}],"about":[{"href":"https:\/\/luckyhat.com\/es\/wp-json\/wp\/v2\/types\/page"}],"author":[{"embeddable":true,"href":"https:\/\/luckyhat.com\/es\/wp-json\/wp\/v2\/users\/29"}],"replies":[{"embeddable":true,"href":"https:\/\/luckyhat.com\/es\/wp-json\/wp\/v2\/comments?post=4830"}],"version-history":[{"count":4,"href":"https:\/\/luckyhat.com\/es\/wp-json\/wp\/v2\/pages\/4830\/revisions"}],"predecessor-version":[{"id":5827,"href":"https:\/\/luckyhat.com\/es\/wp-json\/wp\/v2\/pages\/4830\/revisions\/5827"}],"wp:attachment":[{"href":"https:\/\/luckyhat.com\/es\/wp-json\/wp\/v2\/media?parent=4830"}],"curies":[{"name":"wp","href":"https:\/\/api.w.org\/{rel}","templated":true}]}}