{"id":11375,"date":"2026-03-21T10:57:13","date_gmt":"2026-03-21T15:57:13","guid":{"rendered":"https:\/\/luckyhat.com\/ai-usage-disclosure\/"},"modified":"2026-04-15T09:18:37","modified_gmt":"2026-04-15T14:18:37","slug":"ai-editorial-policy","status":"publish","type":"page","link":"https:\/\/luckyhat.com\/es\/ai-editorial-policy\/","title":{"rendered":"Divulgaci\u00f3n sobre el uso de IA"},"content":{"rendered":"\n<p>El objetivo de LuckyHat siempre ha sido aportar claridad y facilidad de uso al din\u00e1mico mundo del juego con criptomonedas. Para ofrecer a nuestros lectores rese\u00f1as en tiempo real, calculadoras precisas y gu\u00edas detalladas, utilizamos herramientas t\u00e9cnicas avanzadas.<\/p>\n\n\n\n<p>Para mantener un alto nivel de confianza, usamos la IA como herramienta de apoyo dentro de un proceso editorial estrictamente dirigido por personas, en el que cada contenido se revisa y verifica cuidadosamente antes de su publicaci\u00f3n.<\/p>\n\n\n<h2 class=\"wp-block-heading\" id=\"como-utilizamos-la-ia\">C\u00f3mo utilizamos la IA<\/h2>\n\n\n<p>En LuckyHat, la IA act\u00faa como un asistente avanzado dentro de un flujo de trabajo centrado en las personas. Su funci\u00f3n es ayudar a organizar datos y escalar nuestra producci\u00f3n. No se utiliza como sustituto de la investigaci\u00f3n real ni del criterio experto.<\/p>\n\n\n<h3 class=\"wp-block-heading\" id=\"1-resenas-de-casinos-con-criptomonedas\">1. Rese\u00f1as de casinos con criptomonedas<\/h3>\n\n\n<p>Todas las rese\u00f1as de casinos comienzan con investigaci\u00f3n pr\u00e1ctica realizada por personas. Nuestro equipo se registra en las plataformas, prueba la experiencia de juego, eval\u00faa dep\u00f3sitos y retiradas, y revisa directamente los t\u00e9rminos de los bonos.<br><br>Una vez completada esta investigaci\u00f3n:<\/p>\n\n\n\n<ul class=\"wp-block-list\">\n<li>La IA puede utilizarse para ayudar a organizar los hallazgos y generar borradores estructurados;<\/li>\n\n\n\n<li>Un redactor revisa, edita y perfecciona por completo el borrador para garantizar su precisi\u00f3n, claridad y coherencia con nuestros est\u00e1ndares;<\/li>\n\n\n\n<li>Un segundo revisor humano comprueba de forma independiente los detalles clave antes de la publicaci\u00f3n.<\/li>\n<\/ul>\n\n\n\n<p>Para una explicaci\u00f3n completa de nuestra metodolog\u00eda de evaluaci\u00f3n, consulte nuestra p\u00e1gina sobre <a href=\"https:\/\/luckyhat.com\/es\/how-we-rate\/\">C\u00f3mo evaluamos los casinos online con criptomonedas<\/a>.<\/p>\n\n\n<h3 class=\"wp-block-heading\" id=\"2-escalado-y-formato-del-contenido\">2. Escalado y formato del contenido<\/h3>\n\n\n<p>La IA se utiliza para ayudar en tareas editoriales repetitivas como:<\/p>\n\n\n\n<ul class=\"wp-block-list\">\n<li>estructurar contenidos extensos;<\/li>\n\n\n\n<li>dar formato a los datos de casinos y a los t\u00e9rminos de bonos;<\/li>\n\n\n\n<li>mejorar la legibilidad y la coherencia entre p\u00e1ginas.<\/li>\n<\/ul>\n\n\n\n<p>Esto permite a nuestro equipo dedicar m\u00e1s tiempo a las pruebas, la verificaci\u00f3n y el an\u00e1lisis.<\/p>\n\n\n<h3 class=\"wp-block-heading\" id=\"3-traducciones\">3. Traducciones<\/h3>\n\n\n<p>Para atender a nuestra comunidad internacional, utilizamos herramientas de traducci\u00f3n impulsadas por IA. Todo el contenido traducido se revisa y ajusta cuando es necesario para garantizar precisi\u00f3n, claridad y relevancia cultural.<\/p>\n\n\n<h2 class=\"wp-block-heading\" id=\"nuestra-politica\">Nuestra pol\u00edtica<\/h2>\n\n\n<p>Aunque la IA nos ayuda a ampliar nuestros esfuerzos, LuckyHat no publica contenido generado por IA en bruto y sin editar. Cada rese\u00f1a de casino, gu\u00eda estrat\u00e9gica y noticia est\u00e1 sujeta a una estricta supervisi\u00f3n humana:<\/p>\n\n\n\n<ul class=\"wp-block-list\">\n<li><strong>Planificaci\u00f3n de contenido dirigida por personas:<\/strong> Personas reales deciden qu\u00e9 cubrimos y qu\u00e9 enfoques son m\u00e1s importantes para nuestros lectores.<\/li>\n\n\n\n<li><strong>Revisi\u00f3n humana:<\/strong> Cada frase asistida por IA se verifica manualmente, se reescribe cuando es necesario y se valida.<\/li>\n\n\n\n<li><strong>Aprobaci\u00f3n humana: <\/strong>Un editor jefe humano asume la responsabilidad final de cada contenido.<\/li>\n<\/ul>\n\n\n\n<p>Para obtener m\u00e1s informaci\u00f3n sobre nuestros est\u00e1ndares editoriales y el proceso de supervisi\u00f3n, consulte nuestra p\u00e1gina de <a href=\"https:\/\/luckyhat.com\/es\/content-integrity\/\">Integridad del contenido<\/a>.<\/p>\n\n\n<h2 class=\"wp-block-heading\" id=\"verificacion-e-integridad-etica\">Verificaci\u00f3n e integridad \u00e9tica<\/h2>\n\n\n<p>Dado que el mercado de las criptomonedas evoluciona r\u00e1pidamente, la precisi\u00f3n es innegociable. Combatimos el riesgo de \u201calucinaciones\u201d de la IA o de datos desactualizados mediante un estricto protocolo de verificaci\u00f3n:<\/p>\n\n\n\n<ul class=\"wp-block-list\">\n<li><strong>Auditor\u00edas manuales:<\/strong> Nunca permitimos que la IA investigue t\u00e9rminos de bonos, requisitos de apuesta o criptomonedas admitidas. Todo ello es comprobado y verificado por un autor humano.<\/li>\n\n\n\n<li><strong>Controles de seguridad:<\/strong> Aspectos como el estado de la licencia y las certificaciones \u201cProvably Fair\u201d son confirmados por investigadores humanos, no por IA.<\/li>\n\n\n\n<li><strong>Independencia total:<\/strong> Nunca se permite que las herramientas de IA influyan en nuestras valoraciones ni en nuestra l\u00ednea editorial. Nuestras clasificaciones siguen siendo objetivas y se basan \u00fanicamente en el rendimiento.<\/li>\n<\/ul>\n\n\n<h2 class=\"wp-block-heading\" id=\"juego-responsable-y-seguridad-financiera\">Juego responsable y seguridad financiera<\/h2>\n\n\n<p>Independientemente de c\u00f3mo se cree el contenido, todo lo publicado en LuckyHat tiene \u00fanicamente fines educativos, informativos y de entretenimiento.<br><br>Nada de lo aqu\u00ed contenido debe interpretarse como asesoramiento financiero o legal. Las criptomonedas son inherentemente vol\u00e1tiles, y el juego conlleva el riesgo de p\u00e9rdida total. Recomendamos a todos los lectores jugar de forma responsable, utilizar herramientas de autoexclusi\u00f3n cuando sea necesario y cumplir con la legislaci\u00f3n aplicable en su jurisdicci\u00f3n. Visite nuestra p\u00e1gina de <a href=\"https:\/\/luckyhat.com\/es\/responsible-gambling\/\">Juego Responsable<\/a> para obtener m\u00e1s informaci\u00f3n.<\/p>\n\n\n\n<hr class=\"wp-block-separator has-alpha-channel-opacity\"\/>\n\n\n\n<p><em><strong>Aviso legal<\/strong><\/em>: Participar en juegos de azar con criptomonedas implica un riesgo considerable. La informaci\u00f3n proporcionada en LuckyHat est\u00e1 destinada estrictamente a fines educativos y de entretenimiento; no constituye asesoramiento legal ni financiero. Nunca apueste m\u00e1s de lo que pueda permitirse perder c\u00f3modamente. LuckyHat puede recibir comisiones de afiliaci\u00f3n cuando usted visita operadores a trav\u00e9s de nuestros enlaces, sin coste adicional para usted. Todas las recomendaciones son el resultado de un proceso de evaluaci\u00f3n exhaustivo y dirigido por personas.<\/p>\n","protected":false},"excerpt":{"rendered":"<p>El objetivo de LuckyHat siempre ha sido aportar claridad y facilidad de uso al din\u00e1mico mundo del juego con criptomonedas. Para ofrecer a nuestros lectores rese\u00f1as en tiempo real, calculadoras precisas y gu\u00edas detalladas, utilizamos herramientas t\u00e9cnicas avanzadas. Para mantener un alto nivel de confianza, usamos la IA como herramienta de apoyo dentro de un &#8230; <a title=\"Divulgaci\u00f3n sobre el uso de IA\" class=\"read-more\" href=\"https:\/\/luckyhat.com\/es\/ai-editorial-policy\/\" aria-label=\"Leer m\u00e1s sobre Divulgaci\u00f3n sobre el uso de IA\">Leer m\u00e1s<\/a><\/p>\n","protected":false},"author":20,"featured_media":0,"parent":0,"menu_order":0,"comment_status":"closed","ping_status":"closed","template":"","meta":{"_acf_changed":false,"inline_featured_image":false,"footnotes":""},"class_list":["post-11375","page","type-page","status-publish"],"acf":[],"_links":{"self":[{"href":"https:\/\/luckyhat.com\/es\/wp-json\/wp\/v2\/pages\/11375","targetHints":{"allow":["GET"]}}],"collection":[{"href":"https:\/\/luckyhat.com\/es\/wp-json\/wp\/v2\/pages"}],"about":[{"href":"https:\/\/luckyhat.com\/es\/wp-json\/wp\/v2\/types\/page"}],"author":[{"embeddable":true,"href":"https:\/\/luckyhat.com\/es\/wp-json\/wp\/v2\/users\/20"}],"replies":[{"embeddable":true,"href":"https:\/\/luckyhat.com\/es\/wp-json\/wp\/v2\/comments?post=11375"}],"version-history":[{"count":4,"href":"https:\/\/luckyhat.com\/es\/wp-json\/wp\/v2\/pages\/11375\/revisions"}],"predecessor-version":[{"id":11674,"href":"https:\/\/luckyhat.com\/es\/wp-json\/wp\/v2\/pages\/11375\/revisions\/11674"}],"wp:attachment":[{"href":"https:\/\/luckyhat.com\/es\/wp-json\/wp\/v2\/media?parent=11375"}],"curies":[{"name":"wp","href":"https:\/\/api.w.org\/{rel}","templated":true}]}}