{"id":11373,"date":"2025-11-13T15:15:24","date_gmt":"2025-11-13T20:15:24","guid":{"rendered":"https:\/\/luckyhat.com\/content-integrity-editorial-standards\/"},"modified":"2026-04-15T09:18:41","modified_gmt":"2026-04-15T14:18:41","slug":"content-integrity","status":"publish","type":"page","link":"https:\/\/luckyhat.com\/es\/content-integrity\/","title":{"rendered":"Integridad del contenido y est\u00e1ndares editoriales"},"content":{"rendered":"\n<p>Ya sea una gu\u00eda estrat\u00e9gica o un an\u00e1lisis del sector, todo lo que publicamos sigue estrictos est\u00e1ndares de integridad y calidad. Estas directrices garantizan que nuestro trabajo sea fiable, imparcial y realmente \u00fatil.<\/p>\n\n\n\n<hr class=\"wp-block-separator has-alpha-channel-opacity\"\/>\n\n\n<h3 class=\"wp-block-heading\" id=\"1-exactitud-y-fiabilidad\">1. Exactitud y fiabilidad<\/h3>\n\n\n<p><strong>Investigaci\u00f3n exhaustiva:<\/strong><br>Nuestros redactores y editores basan cada contenido en informaci\u00f3n verificada, fuentes fiables, pruebas pr\u00e1cticas y experiencia real con las plataformas.<\/p>\n\n\n\n<p><strong>Informaci\u00f3n actualizada:<\/strong><br>La industria del juego evoluciona r\u00e1pidamente. Revisamos nuestras p\u00e1ginas de forma peri\u00f3dica para reflejar cambios en bonos, m\u00e9todos de pago, cat\u00e1logos de juegos, licencias y otros aspectos relevantes.<\/p>\n\n\n\n<hr class=\"wp-block-separator has-alpha-channel-opacity\"\/>\n\n\n<h3 class=\"wp-block-heading\" id=\"2-independencia-y-evaluacion-justa\">2. Independencia y evaluaci\u00f3n justa<\/h3>\n\n\n<p><strong>Rese\u00f1as honestas \u00fanicamente:<\/strong><br>Cada casino se eval\u00faa de forma objetiva utilizando procesos coherentes. Destacamos tanto los puntos fuertes como los d\u00e9biles con el mismo nivel de honestidad.<\/p>\n\n\n\n<p><strong>Sin manipulaci\u00f3n de valoraciones:<\/strong><br>Los operadores no pueden influir en nuestras puntuaciones, clasificaciones ni decisiones editoriales. No aceptamos pagos, incentivos ni solicitudes para modificar el resultado de una rese\u00f1a. Nuestro equipo editorial es el \u00fanico responsable de determinar c\u00f3mo se eval\u00faan los casinos.<\/p>\n\n\n\n<hr class=\"wp-block-separator has-alpha-channel-opacity\"\/>\n\n\n<h3 class=\"wp-block-heading\" id=\"3-transparencia-y-divulgacion\">3. Transparencia y divulgaci\u00f3n<\/h3>\n\n\n<p><strong>Comunicaci\u00f3n clara:<\/strong><br>Cuando existe una relaci\u00f3n comercial o colaboraci\u00f3n relevante, la divulgamos de forma transparente.<\/p>\n\n\n\n<p><strong>Criterios de evaluaci\u00f3n:<\/strong><br>Nuestro enfoque tiene en cuenta la selecci\u00f3n de juegos, la equidad, las licencias, los bonos, el rendimiento de retiradas, la atenci\u00f3n al cliente, la experiencia m\u00f3vil y el valor global para el usuario. Estos criterios se aplican de manera uniforme para garantizar la equidad en todas las rese\u00f1as.<\/p>\n\n\n\n<p><strong>M\u00e1s informaci\u00f3n sobre nuestro proceso de evaluaci\u00f3n:<\/strong><br>Para ver un desglose detallado de los factores que analizamos, visite nuestra p\u00e1gina \u201c<a href=\"https:\/\/luckyhat.com\/es\/how-we-rate\/\">C\u00f3mo evaluamos los casinos online con criptomonedas<\/a>\u201d.<\/p>\n\n\n\n<hr class=\"wp-block-separator has-alpha-channel-opacity\"\/>\n\n\n<h3 class=\"wp-block-heading\" id=\"4-calidad-y-coherencia\">4. Calidad y coherencia<\/h3>\n\n\n<p><strong>Altos est\u00e1ndares de redacci\u00f3n:<\/strong><br>Todos los contenidos cumplen elevados est\u00e1ndares de claridad, estructura, precisi\u00f3n y legibilidad. Escribimos para jugadores reales, no para generar contenido promocional vac\u00edo.<\/p>\n\n\n\n<p><strong>Cobertura completa:<\/strong><br>Nuestras rese\u00f1as y gu\u00edas ofrecen informaci\u00f3n pr\u00e1ctica centrada en el jugador sobre:<\/p>\n\n\n\n<p>\u2022 Bonos y promociones<br>\u2022 Cat\u00e1logo de juegos y proveedores de software<br>\u2022 Dep\u00f3sitos, retiradas y velocidad de pago<br>\u2022 Licencias y medidas de seguridad<br>\u2022 Experiencia de usuario y rendimiento del sitio<br>\u2022 Capacidad de respuesta del soporte al cliente<br>\u2022 Compatibilidad con criptomonedas y opciones de pago<\/p>\n\n\n\n<hr class=\"wp-block-separator has-alpha-channel-opacity\"\/>\n\n\n<h3 class=\"wp-block-heading\" id=\"5-interaccion-con-usuarios-y-feedback\">5. Interacci\u00f3n con usuarios y feedback<\/h3>\n\n\n<p><strong>Di\u00e1logo abierto:<\/strong><br>Los comentarios de los lectores nos ayudan a mejorar. Supervisamos y respondemos a preguntas y opiniones cuando corresponde.<\/p>\n\n\n\n<p><strong>Normas de la comunidad:<\/strong><br>El contenido generado por usuarios debe ser respetuoso y constructivo. Moderamos los comentarios para mantener un entorno seguro e informativo.<\/p>\n\n\n\n<hr class=\"wp-block-separator has-alpha-channel-opacity\"\/>\n\n\n<h3 class=\"wp-block-heading\" id=\"6-estandares-eticos\">6. Est\u00e1ndares \u00e9ticos<\/h3>\n\n\n<p><strong>Juego responsable:<\/strong><br>Fomentamos el juego responsable y enlazamos a herramientas y recursos de apoyo que ayudan a los jugadores a gestionar sus h\u00e1bitos. Visite nuestra p\u00e1gina de <a href=\"https:\/\/luckyhat.com\/es\/responsible-gambling\/\">Juego Responsable<\/a> para m\u00e1s informaci\u00f3n.<\/p>\n\n\n\n<p><strong>Protecci\u00f3n de la privacidad:<\/strong><br>Consulte nuestra <a href=\"https:\/\/luckyhat.com\/es\/privacy-policy\/\">Pol\u00edtica de Privacidad<\/a> para conocer c\u00f3mo protegemos la informaci\u00f3n personal y cumplimos con estrictas pr\u00e1cticas de protecci\u00f3n de datos y requisitos legales.<\/p>\n\n\n\n<hr class=\"wp-block-separator has-alpha-channel-opacity\"\/>\n\n\n<h3 class=\"wp-block-heading\" id=\"7-flujo-editorial\">7. Flujo editorial<\/h3>\n\n\n<p><strong>Creaci\u00f3n de contenido:<\/strong><br>Los redactores realizan una investigaci\u00f3n detallada, prueban las plataformas y presentan la informaci\u00f3n de forma imparcial.<\/p>\n\n\n\n<p><strong>Revisi\u00f3n editorial:<\/strong><br>Los editores eval\u00faan el contenido en t\u00e9rminos de precisi\u00f3n, claridad y cumplimiento de nuestras directrices de integridad. El equipo editorial senior proporciona la aprobaci\u00f3n final.<\/p>\n\n\n\n<p><strong>Actualizaciones continuas:<\/strong><br>Revisamos sistem\u00e1ticamente el contenido publicado para mantenerlo relevante y actualizado. Los comentarios de los usuarios tambi\u00e9n pueden dar lugar a mejoras o aclaraciones.<\/p>\n\n\n\n<hr class=\"wp-block-separator has-alpha-channel-opacity\"\/>\n\n\n<h2 class=\"wp-block-heading\" id=\"divulgacion-de-afiliacion\">Divulgaci\u00f3n de afiliaci\u00f3n<\/h2>\n\n\n<p>LuckyHat.com genera ingresos a trav\u00e9s de programas de afiliaci\u00f3n. Esto significa que, cuando hace clic en determinados enlaces o se registra en un casino a trav\u00e9s de nuestro sitio, podemos recibir una comisi\u00f3n sin coste adicional para usted.<\/p>\n\n\n\n<p>Estas relaciones no influyen en nuestras valoraciones, rese\u00f1as ni recomendaciones. Nuestro equipo editorial trabaja de forma independiente, y la integridad es el n\u00facleo de nuestro contenido. El uso de enlaces de afiliado nos ayuda a mantener el sitio, pero su confianza es m\u00e1s importante que cualquier comisi\u00f3n.<\/p>\n","protected":false},"excerpt":{"rendered":"<p>Ya sea una gu\u00eda estrat\u00e9gica o un an\u00e1lisis del sector, todo lo que publicamos sigue estrictos est\u00e1ndares de integridad y calidad. Estas directrices garantizan que nuestro trabajo sea fiable, imparcial y realmente \u00fatil. 1. Exactitud y fiabilidad Investigaci\u00f3n exhaustiva:Nuestros redactores y editores basan cada contenido en informaci\u00f3n verificada, fuentes fiables, pruebas pr\u00e1cticas y experiencia real &#8230; <a title=\"Integridad del contenido y est\u00e1ndares editoriales\" class=\"read-more\" href=\"https:\/\/luckyhat.com\/es\/content-integrity\/\" aria-label=\"Leer m\u00e1s sobre Integridad del contenido y est\u00e1ndares editoriales\">Leer m\u00e1s<\/a><\/p>\n","protected":false},"author":20,"featured_media":0,"parent":0,"menu_order":0,"comment_status":"closed","ping_status":"closed","template":"","meta":{"_acf_changed":false,"inline_featured_image":false,"footnotes":""},"class_list":["post-11373","page","type-page","status-publish"],"acf":[],"_links":{"self":[{"href":"https:\/\/luckyhat.com\/es\/wp-json\/wp\/v2\/pages\/11373","targetHints":{"allow":["GET"]}}],"collection":[{"href":"https:\/\/luckyhat.com\/es\/wp-json\/wp\/v2\/pages"}],"about":[{"href":"https:\/\/luckyhat.com\/es\/wp-json\/wp\/v2\/types\/page"}],"author":[{"embeddable":true,"href":"https:\/\/luckyhat.com\/es\/wp-json\/wp\/v2\/users\/20"}],"replies":[{"embeddable":true,"href":"https:\/\/luckyhat.com\/es\/wp-json\/wp\/v2\/comments?post=11373"}],"version-history":[{"count":4,"href":"https:\/\/luckyhat.com\/es\/wp-json\/wp\/v2\/pages\/11373\/revisions"}],"predecessor-version":[{"id":11675,"href":"https:\/\/luckyhat.com\/es\/wp-json\/wp\/v2\/pages\/11373\/revisions\/11675"}],"wp:attachment":[{"href":"https:\/\/luckyhat.com\/es\/wp-json\/wp\/v2\/media?parent=11373"}],"curies":[{"name":"wp","href":"https:\/\/api.w.org\/{rel}","templated":true}]}}